{"id":581,"date":"2026-04-11T03:27:09","date_gmt":"2026-04-11T03:27:09","guid":{"rendered":"https:\/\/doris2907.azdigi.shop\/?post_type=product&#038;p=581"},"modified":"2026-04-11T03:27:09","modified_gmt":"2026-04-11T03:27:09","slug":"rice-serum","status":"publish","type":"product","link":"https:\/\/doris2907.azdigi.shop\/?product=rice-serum","title":{"rendered":"RICE SERUM"},"content":{"rendered":"<h1 data-path-to-node=\"3\"><b data-path-to-node=\"3\" data-index-in-node=\"0\">RICE SERUM: TINH CH\u1ea4T PH\u00d4I G\u1ea0O L\u00caN MEN TR\u1eba H\u00d3A DA<\/b><\/h1>\n<p data-path-to-node=\"4\">L\u00e0n da x\u1ec9n m\u00e0u v\u00e0 thi\u1ebfu s\u1ee9c s\u1ed1ng lu\u00f4n c\u1ea7n nh\u1eefng d\u01b0\u1ee1ng ch\u1ea5t c\u00f4 \u0111\u1eb7c \u0111\u1ec3 ph\u1ee5c h\u1ed3i. V\u00ec v\u1eady, <b data-path-to-node=\"4\" data-index-in-node=\"87\">Rice Serum<\/b> \u0111\u00e3 ra \u0111\u1eddi nh\u01b0 m\u1ed9t gi\u1ea3i ph\u00e1p nu\u00f4i d\u01b0\u1ee1ng l\u00e0n da t\u1eeb s\u00e2u b\u00ean trong. S\u1ea3n ph\u1ea9m ch\u1ee9a chi\u1ebft xu\u1ea5t ph\u00f4i g\u1ea1o l\u00ean men gi\u00fap gi\u1eef tr\u1ecdn v\u1eb9n gi\u00e1 tr\u1ecb dinh d\u01b0\u1ee1ng c\u1ee7a h\u1ea1t g\u1ea1o. H\u00e3y c\u00f9ng kh\u00e1m ph\u00e1 b\u00ed quy\u1ebft s\u1edf h\u1eefu l\u00e0n da c\u0103ng m\u1ecbn c\u1ee7a ph\u1ee5 n\u1eef H\u00e0n Qu\u1ed1c ngay d\u01b0\u1edbi \u0111\u00e2y.<\/p>\n<h2 data-path-to-node=\"5\"><b data-path-to-node=\"5\" data-index-in-node=\"0\">Th\u00e0nh ph\u1ea7n dinh d\u01b0\u1ee1ng \u0111\u1ed9t ph\u00e1 trong Rice Serum<\/b><\/h2>\n<p data-path-to-node=\"6\">S\u1ea3n ph\u1ea9m n\u1ed5i b\u1eadt v\u1edbi kh\u1ea3 n\u0103ng gi\u1eef l\u1ea1i h\u01a1n 65% gi\u00e1 tr\u1ecb dinh d\u01b0\u1ee1ng qu\u00fd gi\u00e1 c\u1ee7a h\u1ea1t g\u1ea1o. \u0110\u1eb7c bi\u1ec7t, s\u1ef1 k\u1ebft h\u1ee3p gi\u1eefa c\u00e1c ho\u1ea1t ch\u1ea5t m\u1ea1nh m\u1ebd mang l\u1ea1i hi\u1ec7u qu\u1ea3 thay \u0111\u1ed5i l\u00e0n da r\u00f5 r\u1ec7t:<\/p>\n<ul data-path-to-node=\"7\">\n<li>\n<p data-path-to-node=\"7,0,0\"><b data-path-to-node=\"7,0,0\" data-index-in-node=\"0\">Ph\u00f4i g\u1ea1o l\u00ean men:<\/b> Gi\u00e0u Vitamin B v\u00e0 c\u00e1c ch\u1ea5t ch\u1ed1ng oxy h\u00f3a gi\u00fap th\u00fac \u0111\u1ea9y s\u1ea3n sinh Collagen.<\/p>\n<\/li>\n<li>\n<p data-path-to-node=\"7,1,0\"><b data-path-to-node=\"7,1,0\" data-index-in-node=\"0\">Niacinamide v\u00e0 Glutathione:<\/b> B\u1ed9 \u0111\u00f4i n\u00e0y gi\u00fap d\u01b0\u1ee1ng s\u00e1ng t\u00f4ng da v\u00e0 l\u00e0m m\u1edd c\u00e1c \u0111\u1ed1m n\u00e2u.<\/p>\n<\/li>\n<li>\n<p data-path-to-node=\"7,2,0\"><b data-path-to-node=\"7,2,0\" data-index-in-node=\"0\">Squalane v\u00e0 Panthenol:<\/b> H\u1ed7 tr\u1ee3 l\u00e0m d\u1ecbu da v\u00e0 c\u1ee7ng c\u1ed1 h\u00e0ng r\u00e0o b\u1ea3o v\u1ec7 \u0111\u1ed9 \u1ea9m t\u1ef1 nhi\u00ean.<\/p>\n<\/li>\n<li>\n<p data-path-to-node=\"7,3,0\"><b data-path-to-node=\"7,3,0\" data-index-in-node=\"0\">Hyaluronic Acid:<\/b> Cung c\u1ea5p n\u01b0\u1edbc t\u1ee9c th\u00ec, gi\u00fap da lu\u00f4n ng\u1eadm n\u01b0\u1edbc v\u00e0 c\u0103ng m\u1ecdng.<\/p>\n<\/li>\n<\/ul>\n<h2 data-path-to-node=\"8\"><b data-path-to-node=\"8\" data-index-in-node=\"0\">C\u00f4ng d\u1ee5ng t\u0103ng c\u01b0\u1eddng \u0111\u1ed9 \u0111\u00e0n h\u1ed3i c\u1ee7a tinh ch\u1ea5t g\u1ea1o<\/b><\/h2>\n<p data-path-to-node=\"9\">Vi\u1ec7c s\u1eed d\u1ee5ng <b data-path-to-node=\"9\" data-index-in-node=\"13\">Rice Serum<\/b> m\u1ed7i ng\u00e0y gi\u00fap c\u1ea3i thi\u1ec7n c\u1ea5u tr\u00fac da m\u1ed9t c\u00e1ch b\u1ec1n v\u1eefng. Tr\u01b0\u1edbc h\u1ebft, c\u00e1c d\u01b0\u1ee1ng ch\u1ea5t th\u1ea5m s\u00e2u \u0111\u1ec3 ng\u0103n ng\u1eeba c\u00e1c d\u1ea5u hi\u1ec7u l\u00e3o h\u00f3a s\u1edbm. B\u00ean c\u1ea1nh \u0111\u00f3, h\u00e0m l\u01b0\u1ee3ng ch\u1ea5t ch\u1ed1ng oxy h\u00f3a cao gi\u00fap b\u1ea3o v\u1ec7 da tr\u01b0\u1edbc t\u00e1c h\u1ea1i t\u1eeb m\u00f4i tr\u01b0\u1eddng. Do \u0111\u00f3, l\u00e0n da c\u1ee7a b\u1ea1n s\u1ebd tr\u1edf n\u00ean s\u0103n ch\u1eafc v\u00e0 m\u1ecbn m\u00e0ng h\u01a1n ch\u1ec9 sau th\u1eddi gian ng\u1eafn. Ngo\u00e0i ra, s\u1ea3n ph\u1ea9m c\u00f2n h\u1ed7 tr\u1ee3 thu nh\u1ecf l\u1ed7 ch\u00e2n l\u00f4ng v\u00e0 l\u00e0m \u0111\u1ec1u m\u00e0u da.<\/p>\n<h2 data-path-to-node=\"10\"><b data-path-to-node=\"10\" data-index-in-node=\"0\">L\u00fd do Rice Serum ph\u00f9 h\u1ee3p v\u1edbi m\u1ecdi lo\u1ea1i da<\/b><\/h2>\n<p data-path-to-node=\"11\">D\u00f2ng serum n\u00e0y c\u00f3 k\u1ebft c\u1ea5u l\u1ecfng nh\u1eb9, th\u1ea9m th\u1ea5u c\u1ef1c nhanh v\u00e0 kh\u00f4ng g\u00e2y b\u1ebft d\u00ednh. Nhi\u1ec1u kh\u00e1ch h\u00e0ng \u01b0u ti\u00ean l\u1ef1a ch\u1ecdn \u00a0nh\u1edd b\u1ea3ng th\u00e0nh ph\u1ea7n l\u00e0nh t\u00ednh t\u1eeb thi\u00ean nhi\u00ean. V\u00ec v\u1eady, s\u1ea3n ph\u1ea9m r\u1ea5t an to\u00e0n cho c\u1ea3 da nh\u1ea1y c\u1ea3m v\u00e0 da \u0111ang g\u1eb7p v\u1ea5n \u0111\u1ec1 v\u1ec1 m\u1ee5n. H\u01a1n n\u1eefa, s\u1ef1 k\u1ebft h\u1ee3p gi\u1eefa Madecassoside v\u00e0 chi\u1ebft xu\u1ea5t rau sam gi\u00fap l\u00e0m d\u1ecbu k\u00edch \u1ee9ng hi\u1ec7u qu\u1ea3. Nh\u1edd \u0111\u00f3, b\u1ea1n c\u00f3 th\u1ec3 t\u1ef1 tin duy tr\u00ec v\u1ebb r\u1ea1ng r\u1ee1 cho l\u00e0n da su\u1ed1t c\u1ea3 ng\u00e0y d\u00e0i.<\/p>\n<h2 data-path-to-node=\"12\"><b data-path-to-node=\"12\" data-index-in-node=\"0\">H\u01b0\u1edbng d\u1eabn s\u1eed d\u1ee5ng Rice Serum \u0111\u1ea1t hi\u1ec7u qu\u1ea3 nh\u00e2n \u0111\u00f4i<\/b><\/h2>\n<p data-path-to-node=\"13\">\u0110\u1ec3 \u0111\u1ea1t \u0111\u01b0\u1ee3c k\u1ebft qu\u1ea3 t\u1ed1t nh\u1ea5t, b\u1ea1n n\u00ean s\u1eed d\u1ee5ng tinh ch\u1ea5t n\u00e0y trong quy tr\u00ecnh d\u01b0\u1ee1ng da tr\u1ecdn b\u1ed9. \u0110\u1ea7u ti\u00ean, h\u00e3y l\u00e0m s\u1ea1ch m\u1eb7t v\u00e0 c\u00e2n b\u1eb1ng da b\u1eb1ng n\u01b0\u1edbc hoa h\u1ed3ng ph\u00f9 h\u1ee3p. Ti\u1ebfp theo, b\u1ea1n l\u1ea5y m\u1ed9t l\u01b0\u1ee3ng \u00a0v\u1eeba \u0111\u1ee7 v\u00e0 thoa \u0111\u1ec1u l\u00ean to\u00e0n b\u1ed9 khu\u00f4n m\u1eb7t. Sau \u0111\u00f3, h\u00e3y v\u1ed7 nh\u1eb9 \u0111\u1ec3 c\u00e1c d\u01b0\u1ee1ng ch\u1ea5t ph\u00f4i g\u1ea1o l\u00ean men th\u1ea9m th\u1ea5u ho\u00e0n to\u00e0n. Cu\u1ed1i c\u00f9ng, b\u1ea1n n\u00ean k\u1ebft h\u1ee3p c\u00f9ng kem d\u01b0\u1ee1ng g\u1ea1o \u0111\u1ec3 kh\u00f3a \u1ea9m v\u00e0 gi\u00fap l\u00e0n da tr\u1eafng m\u1ecbn nh\u1ea5t.<\/p>\n","protected":false},"excerpt":{"rendered":"<p>RICE SERUM: TINH CH\u1ea4T PH\u00d4I G\u1ea0O L\u00caN MEN TR\u1eba H\u00d3A DA L\u00e0n da x\u1ec9n m\u00e0u v\u00e0 thi\u1ebfu s\u1ee9c s\u1ed1ng lu\u00f4n c\u1ea7n nh\u1eefng d\u01b0\u1ee1ng ch\u1ea5t c\u00f4 \u0111\u1eb7c \u0111\u1ec3 ph\u1ee5c h\u1ed3i. V\u00ec v\u1eady, Rice Serum \u0111\u00e3 ra \u0111\u1eddi nh\u01b0 m\u1ed9t gi\u1ea3i ph\u00e1p nu\u00f4i d\u01b0\u1ee1ng l\u00e0n da t\u1eeb s\u00e2u b\u00ean trong. S\u1ea3n ph\u1ea9m ch\u1ee9a chi\u1ebft xu\u1ea5t ph\u00f4i g\u1ea1o [&#8230;]\n","protected":false},"featured_media":582,"comment_status":"open","ping_status":"closed","template":"","meta":[],"product_brand":[],"product_cat":[38],"product_tag":[],"class_list":{"0":"post-581","1":"product","2":"type-product","3":"status-publish","4":"has-post-thumbnail","6":"product_cat-serum","8":"first","9":"instock","10":"sale","11":"taxable","12":"shipping-taxable","13":"purchasable","14":"product-type-variable"},"yoast_head":"<!-- This site is optimized with the Yoast SEO plugin v26.9 - https:\/\/yoast.com\/product\/yoast-seo-wordpress\/ -->\n<title>RICE SERUM - DORIS CARE RICE SERUM<\/title>\n<meta name=\"description\" content=\"Rice Serum chi\u1ebft xu\u1ea5t ph\u00f4i g\u1ea1o l\u00ean men gi\u00fap t\u0103ng sinh Collagen v\u00e0 m\u1edd th\u00e2m n\u00e1m. Tinh ch\u1ea5t H\u00e0n Qu\u1ed1c gi\u00e0u Vitamin B cho l\u00e0n da tr\u1eafng m\u1ecbn v\u00e0 \u0111\u00e0n h\u1ed3i.\" \/>\n<meta name=\"robots\" content=\"index, follow, max-snippet:-1, max-image-preview:large, max-video-preview:-1\" \/>\n<link rel=\"canonical\" href=\"https:\/\/doris2907.azdigi.shop\/?product=rice-serum\" \/>\n<meta property=\"og:locale\" content=\"vi_VN\" \/>\n<meta property=\"og:type\" content=\"article\" \/>\n<meta property=\"og:title\" content=\"RICE SERUM - DORIS CARE RICE SERUM\" \/>\n<meta property=\"og:description\" content=\"Rice Serum chi\u1ebft xu\u1ea5t ph\u00f4i g\u1ea1o l\u00ean men gi\u00fap t\u0103ng sinh Collagen v\u00e0 m\u1edd th\u00e2m n\u00e1m. Tinh ch\u1ea5t H\u00e0n Qu\u1ed1c gi\u00e0u Vitamin B cho l\u00e0n da tr\u1eafng m\u1ecbn v\u00e0 \u0111\u00e0n h\u1ed3i.\" \/>\n<meta property=\"og:url\" content=\"https:\/\/doris2907.azdigi.shop\/?product=rice-serum\" \/>\n<meta property=\"og:site_name\" content=\"DORIS CARE\" \/>\n<meta property=\"og:image\" content=\"https:\/\/doris2907.azdigi.shop\/wp-content\/uploads\/2026\/04\/rice-serum-thumbnail-01-product_5acc35cb-d070-40cf-b5dd-3d5f7239bce7_600x.webp\" \/>\n\t<meta property=\"og:image:width\" content=\"600\" \/>\n\t<meta property=\"og:image:height\" content=\"600\" \/>\n\t<meta property=\"og:image:type\" content=\"image\/webp\" \/>\n<meta name=\"twitter:card\" content=\"summary_large_image\" \/>\n<meta name=\"twitter:label1\" content=\"\u01af\u1edbc t\u00ednh th\u1eddi gian \u0111\u1ecdc\" \/>\n\t<meta name=\"twitter:data1\" content=\"3 ph\u00fat\" \/>\n<script type=\"application\/ld+json\" class=\"yoast-schema-graph\">{\"@context\":\"https:\/\/schema.org\",\"@graph\":[{\"@type\":\"WebPage\",\"@id\":\"https:\/\/doris2907.azdigi.shop\/?product=rice-serum\",\"url\":\"https:\/\/doris2907.azdigi.shop\/?product=rice-serum\",\"name\":\"RICE SERUM - DORIS CARE RICE SERUM\",\"isPartOf\":{\"@id\":\"https:\/\/doris2907.azdigi.shop\/#website\"},\"primaryImageOfPage\":{\"@id\":\"https:\/\/doris2907.azdigi.shop\/?product=rice-serum#primaryimage\"},\"image\":{\"@id\":\"https:\/\/doris2907.azdigi.shop\/?product=rice-serum#primaryimage\"},\"thumbnailUrl\":\"https:\/\/doris2907.azdigi.shop\/wp-content\/uploads\/2026\/04\/rice-serum-thumbnail-01-product_5acc35cb-d070-40cf-b5dd-3d5f7239bce7_600x.webp\",\"datePublished\":\"2026-04-11T03:27:09+00:00\",\"description\":\"Rice Serum chi\u1ebft xu\u1ea5t ph\u00f4i g\u1ea1o l\u00ean men gi\u00fap t\u0103ng sinh Collagen v\u00e0 m\u1edd th\u00e2m n\u00e1m. Tinh ch\u1ea5t H\u00e0n Qu\u1ed1c gi\u00e0u Vitamin B cho l\u00e0n da tr\u1eafng m\u1ecbn v\u00e0 \u0111\u00e0n h\u1ed3i.\",\"breadcrumb\":{\"@id\":\"https:\/\/doris2907.azdigi.shop\/?product=rice-serum#breadcrumb\"},\"inLanguage\":\"vi\",\"potentialAction\":[{\"@type\":\"ReadAction\",\"target\":[\"https:\/\/doris2907.azdigi.shop\/?product=rice-serum\"]}]},{\"@type\":\"ImageObject\",\"inLanguage\":\"vi\",\"@id\":\"https:\/\/doris2907.azdigi.shop\/?product=rice-serum#primaryimage\",\"url\":\"https:\/\/doris2907.azdigi.shop\/wp-content\/uploads\/2026\/04\/rice-serum-thumbnail-01-product_5acc35cb-d070-40cf-b5dd-3d5f7239bce7_600x.webp\",\"contentUrl\":\"https:\/\/doris2907.azdigi.shop\/wp-content\/uploads\/2026\/04\/rice-serum-thumbnail-01-product_5acc35cb-d070-40cf-b5dd-3d5f7239bce7_600x.webp\",\"width\":600,\"height\":600},{\"@type\":\"BreadcrumbList\",\"@id\":\"https:\/\/doris2907.azdigi.shop\/?product=rice-serum#breadcrumb\",\"itemListElement\":[{\"@type\":\"ListItem\",\"position\":1,\"name\":\"Trang ch\u1ee7\",\"item\":\"https:\/\/doris2907.azdigi.shop\/\"},{\"@type\":\"ListItem\",\"position\":2,\"name\":\"C\u1eeda h\u00e0ng\",\"item\":\"https:\/\/doris2907.azdigi.shop\/?page_id=137\"},{\"@type\":\"ListItem\",\"position\":3,\"name\":\"RICE SERUM\"}]},{\"@type\":\"WebSite\",\"@id\":\"https:\/\/doris2907.azdigi.shop\/#website\",\"url\":\"https:\/\/doris2907.azdigi.shop\/\",\"name\":\"M\u1ef9 ph\u1ea9m\",\"description\":\"\",\"potentialAction\":[{\"@type\":\"SearchAction\",\"target\":{\"@type\":\"EntryPoint\",\"urlTemplate\":\"https:\/\/doris2907.azdigi.shop\/?s={search_term_string}\"},\"query-input\":{\"@type\":\"PropertyValueSpecification\",\"valueRequired\":true,\"valueName\":\"search_term_string\"}}],\"inLanguage\":\"vi\"}]}<\/script>\n<!-- \/ Yoast SEO plugin. -->","yoast_head_json":{"title":"RICE SERUM - DORIS CARE RICE SERUM","description":"Rice Serum chi\u1ebft xu\u1ea5t ph\u00f4i g\u1ea1o l\u00ean men gi\u00fap t\u0103ng sinh Collagen v\u00e0 m\u1edd th\u00e2m n\u00e1m. Tinh ch\u1ea5t H\u00e0n Qu\u1ed1c gi\u00e0u Vitamin B cho l\u00e0n da tr\u1eafng m\u1ecbn v\u00e0 \u0111\u00e0n h\u1ed3i.","robots":{"index":"index","follow":"follow","max-snippet":"max-snippet:-1","max-image-preview":"max-image-preview:large","max-video-preview":"max-video-preview:-1"},"canonical":"https:\/\/doris2907.azdigi.shop\/?product=rice-serum","og_locale":"vi_VN","og_type":"article","og_title":"RICE SERUM - DORIS CARE RICE SERUM","og_description":"Rice Serum chi\u1ebft xu\u1ea5t ph\u00f4i g\u1ea1o l\u00ean men gi\u00fap t\u0103ng sinh Collagen v\u00e0 m\u1edd th\u00e2m n\u00e1m. Tinh ch\u1ea5t H\u00e0n Qu\u1ed1c gi\u00e0u Vitamin B cho l\u00e0n da tr\u1eafng m\u1ecbn v\u00e0 \u0111\u00e0n h\u1ed3i.","og_url":"https:\/\/doris2907.azdigi.shop\/?product=rice-serum","og_site_name":"DORIS CARE","og_image":[{"width":600,"height":600,"url":"https:\/\/doris2907.azdigi.shop\/wp-content\/uploads\/2026\/04\/rice-serum-thumbnail-01-product_5acc35cb-d070-40cf-b5dd-3d5f7239bce7_600x.webp","type":"image\/webp"}],"twitter_card":"summary_large_image","twitter_misc":{"\u01af\u1edbc t\u00ednh th\u1eddi gian \u0111\u1ecdc":"3 ph\u00fat"},"schema":{"@context":"https:\/\/schema.org","@graph":[{"@type":"WebPage","@id":"https:\/\/doris2907.azdigi.shop\/?product=rice-serum","url":"https:\/\/doris2907.azdigi.shop\/?product=rice-serum","name":"RICE SERUM - DORIS CARE RICE SERUM","isPartOf":{"@id":"https:\/\/doris2907.azdigi.shop\/#website"},"primaryImageOfPage":{"@id":"https:\/\/doris2907.azdigi.shop\/?product=rice-serum#primaryimage"},"image":{"@id":"https:\/\/doris2907.azdigi.shop\/?product=rice-serum#primaryimage"},"thumbnailUrl":"https:\/\/doris2907.azdigi.shop\/wp-content\/uploads\/2026\/04\/rice-serum-thumbnail-01-product_5acc35cb-d070-40cf-b5dd-3d5f7239bce7_600x.webp","datePublished":"2026-04-11T03:27:09+00:00","description":"Rice Serum chi\u1ebft xu\u1ea5t ph\u00f4i g\u1ea1o l\u00ean men gi\u00fap t\u0103ng sinh Collagen v\u00e0 m\u1edd th\u00e2m n\u00e1m. Tinh ch\u1ea5t H\u00e0n Qu\u1ed1c gi\u00e0u Vitamin B cho l\u00e0n da tr\u1eafng m\u1ecbn v\u00e0 \u0111\u00e0n h\u1ed3i.","breadcrumb":{"@id":"https:\/\/doris2907.azdigi.shop\/?product=rice-serum#breadcrumb"},"inLanguage":"vi","potentialAction":[{"@type":"ReadAction","target":["https:\/\/doris2907.azdigi.shop\/?product=rice-serum"]}]},{"@type":"ImageObject","inLanguage":"vi","@id":"https:\/\/doris2907.azdigi.shop\/?product=rice-serum#primaryimage","url":"https:\/\/doris2907.azdigi.shop\/wp-content\/uploads\/2026\/04\/rice-serum-thumbnail-01-product_5acc35cb-d070-40cf-b5dd-3d5f7239bce7_600x.webp","contentUrl":"https:\/\/doris2907.azdigi.shop\/wp-content\/uploads\/2026\/04\/rice-serum-thumbnail-01-product_5acc35cb-d070-40cf-b5dd-3d5f7239bce7_600x.webp","width":600,"height":600},{"@type":"BreadcrumbList","@id":"https:\/\/doris2907.azdigi.shop\/?product=rice-serum#breadcrumb","itemListElement":[{"@type":"ListItem","position":1,"name":"Trang ch\u1ee7","item":"https:\/\/doris2907.azdigi.shop\/"},{"@type":"ListItem","position":2,"name":"C\u1eeda h\u00e0ng","item":"https:\/\/doris2907.azdigi.shop\/?page_id=137"},{"@type":"ListItem","position":3,"name":"RICE SERUM"}]},{"@type":"WebSite","@id":"https:\/\/doris2907.azdigi.shop\/#website","url":"https:\/\/doris2907.azdigi.shop\/","name":"M\u1ef9 ph\u1ea9m","description":"","potentialAction":[{"@type":"SearchAction","target":{"@type":"EntryPoint","urlTemplate":"https:\/\/doris2907.azdigi.shop\/?s={search_term_string}"},"query-input":{"@type":"PropertyValueSpecification","valueRequired":true,"valueName":"search_term_string"}}],"inLanguage":"vi"}]}},"_links":{"self":[{"href":"https:\/\/doris2907.azdigi.shop\/index.php?rest_route=\/wp\/v2\/product\/581","targetHints":{"allow":["GET"]}}],"collection":[{"href":"https:\/\/doris2907.azdigi.shop\/index.php?rest_route=\/wp\/v2\/product"}],"about":[{"href":"https:\/\/doris2907.azdigi.shop\/index.php?rest_route=\/wp\/v2\/types\/product"}],"replies":[{"embeddable":true,"href":"https:\/\/doris2907.azdigi.shop\/index.php?rest_route=%2Fwp%2Fv2%2Fcomments&post=581"}],"wp:featuredmedia":[{"embeddable":true,"href":"https:\/\/doris2907.azdigi.shop\/index.php?rest_route=\/wp\/v2\/media\/582"}],"wp:attachment":[{"href":"https:\/\/doris2907.azdigi.shop\/index.php?rest_route=%2Fwp%2Fv2%2Fmedia&parent=581"}],"wp:term":[{"taxonomy":"product_brand","embeddable":true,"href":"https:\/\/doris2907.azdigi.shop\/index.php?rest_route=%2Fwp%2Fv2%2Fproduct_brand&post=581"},{"taxonomy":"product_cat","embeddable":true,"href":"https:\/\/doris2907.azdigi.shop\/index.php?rest_route=%2Fwp%2Fv2%2Fproduct_cat&post=581"},{"taxonomy":"product_tag","embeddable":true,"href":"https:\/\/doris2907.azdigi.shop\/index.php?rest_route=%2Fwp%2Fv2%2Fproduct_tag&post=581"}],"curies":[{"name":"wp","href":"https:\/\/api.w.org\/{rel}","templated":true}]}}