{"id":569,"date":"2026-04-11T02:39:48","date_gmt":"2026-04-11T02:39:48","guid":{"rendered":"https:\/\/doris2907.azdigi.shop\/?post_type=product&#038;p=569"},"modified":"2026-04-11T02:39:48","modified_gmt":"2026-04-11T02:39:48","slug":"egg-white-pore-mask","status":"publish","type":"product","link":"https:\/\/doris2907.azdigi.shop\/?product=egg-white-pore-mask","title":{"rendered":"EGG WHITE PORE MASK"},"content":{"rendered":"<h1 data-path-to-node=\"3\"><b data-path-to-node=\"3\" data-index-in-node=\"0\">EGG WHITE PORE MASK: GI\u1ea2I PH\u00c1P SE KH\u00cdT L\u1ed6 CH\u00c2N L\u00d4NG T\u1ee8C TH\u00cc<\/b><\/h1>\n<p data-path-to-node=\"4\">L\u1ed7 ch\u00e2n l\u00f4ng to v\u00e0 m\u1ee5n c\u00e1m lu\u00f4n l\u00e0 n\u1ed7i lo l\u1eafng c\u1ee7a nhi\u1ec1u ch\u1ecb em ph\u1ee5 n\u1eef. V\u00ec v\u1eady, \u00a0\u0111\u00e3 ra \u0111\u1eddi nh\u01b0 m\u1ed9t li\u1ec7u ph\u00e1p thanh l\u1ecdc da chuy\u00ean s\u00e2u. S\u1ea3n ph\u1ea9m gi\u00fap lo\u1ea1i b\u1ecf b\u00e3 nh\u1eddn d\u01b0 th\u1eeba v\u00e0 mang l\u1ea1i l\u00e0n da m\u1ecbn m\u00e0ng h\u01a1n. H\u00e3y c\u00f9ng kh\u00e1m ph\u00e1 s\u1ee9c m\u1ea1nh t\u1eeb chi\u1ebft xu\u1ea5t l\u00f2ng tr\u1eafng tr\u1ee9ng ngay d\u01b0\u1edbi \u0111\u00e2y.<\/p>\n<h2 data-path-to-node=\"5\"><b data-path-to-node=\"5\" data-index-in-node=\"0\">Th\u00e0nh ph\u1ea7n \u0111\u1eb7c bi\u1ec7t trong Egg White Pore Mask<\/b><\/h2>\n<p data-path-to-node=\"6\">S\u1ea3n ph\u1ea9m s\u1edf h\u1eefu s\u1ef1 k\u1ebft h\u1ee3p ho\u00e0n h\u1ea3o gi\u1eefa \u0111\u1ea5t s\u00e9t v\u00e0 c\u00e1c d\u01b0\u1ee1ng ch\u1ea5t t\u1ef1 nhi\u00ean. \u0110\u1eb7c bi\u1ec7t, c\u00f4ng th\u1ee9c \u0111\u1ed9c \u0111\u00e1o n\u00e0y mang l\u1ea1i kh\u1ea3 n\u0103ng l\u00e0m s\u1ea1ch s\u00e2u v\u01b0\u1ee3t tr\u1ed9i:<\/p>\n<ul data-path-to-node=\"7\">\n<li>\n<p data-path-to-node=\"7,0,0\"><b data-path-to-node=\"7,0,0\" data-index-in-node=\"0\">Chi\u1ebft xu\u1ea5t l\u00f2ng tr\u1eafng tr\u1ee9ng (Albumen):<\/b> Gi\u00fap l\u00e0m s\u1ea1ch l\u1ed7 ch\u00e2n l\u00f4ng v\u00e0 t\u0103ng \u0111\u1ed9 \u0111\u00e0n h\u1ed3i cho da.<\/p>\n<\/li>\n<li>\n<p data-path-to-node=\"7,1,0\"><b data-path-to-node=\"7,1,0\" data-index-in-node=\"0\">Bentonite v\u00e0 Kaolin:<\/b> Hai lo\u1ea1i \u0111\u1ea5t s\u00e9t n\u00e0y h\u1ed7 tr\u1ee3 h\u00fat s\u1ea1ch d\u1ea7u th\u1eeba v\u00e0 \u0111\u1ed9c t\u1ed1 t\u00edch t\u1ee5.<\/p>\n<\/li>\n<li>\n<p data-path-to-node=\"7,2,0\"><b data-path-to-node=\"7,2,0\" data-index-in-node=\"0\">Lactic Acid (AHA):<\/b> Th\u00e0nh ph\u1ea7n n\u00e0y gi\u00fap t\u1ea9y t\u1ebf b\u00e0o ch\u1ebft nh\u1eb9 nh\u00e0ng v\u00e0 l\u00e0m s\u00e1ng t\u00f4ng da.<\/p>\n<\/li>\n<li>\n<p data-path-to-node=\"7,3,0\"><b data-path-to-node=\"7,3,0\" data-index-in-node=\"0\">D\u1ea7u Olive v\u00e0 Panthenol:<\/b> Gi\u00fap l\u00e0m d\u1ecbu v\u00e0 gi\u1eef \u1ea9m, ng\u0103n ng\u1eeba t\u00ecnh tr\u1ea1ng da kh\u00f4 c\u0103ng.<\/p>\n<\/li>\n<\/ul>\n<h2 data-path-to-node=\"8\"><b data-path-to-node=\"8\" data-index-in-node=\"0\">C\u00f4ng d\u1ee5ng l\u00e0m s\u1ea1ch s\u00e2u c\u1ee7a m\u1eb7t n\u1ea1 l\u00f2ng tr\u1eafng tr\u1ee9ng<\/b><\/h2>\n<p data-path-to-node=\"9\">Vi\u1ec7c s\u1eed d\u1ee5ng gi\u00fap b\u1ea1n c\u1ea3i thi\u1ec7n k\u1ebft c\u1ea5u da m\u1ed9t c\u00e1ch r\u00f5 r\u1ec7t. Tr\u01b0\u1edbc h\u1ebft, c\u00e1c h\u1ea1t \u0111\u1ea5t s\u00e9t s\u1ebd len l\u1ecfi v\u00e0o s\u00e2u b\u00ean trong \u0111\u1ec3 lo\u1ea1i b\u1ecf b\u1ee5i b\u1ea9n. B\u00ean c\u1ea1nh \u0111\u00f3, chi\u1ebft xu\u1ea5t l\u00f2ng tr\u1eafng tr\u1ee9ng gi\u00fap se kh\u00edt l\u1ed7 ch\u00e2n l\u00f4ng v\u00e0 l\u00e0m m\u1ecbn b\u1ec1 m\u1eb7t da. Do \u0111\u00f3, l\u00e0n da c\u1ee7a b\u1ea1n s\u1ebd tr\u1edf n\u00ean th\u00f4ng tho\u00e1ng v\u00e0 gi\u1ea3m h\u1eb3n t\u00ecnh tr\u1ea1ng m\u1ee5n c\u00e1m. Ngo\u00e0i ra, s\u1ea3n ph\u1ea9m c\u00f2n h\u1ed7 tr\u1ee3 ki\u1ec3m so\u00e1t l\u01b0\u1ee3ng d\u1ea7u nh\u1eddn ti\u1ebft ra su\u1ed1t c\u1ea3 ng\u00e0y d\u00e0i.<\/p>\n<h2 data-path-to-node=\"10\"><b data-path-to-node=\"10\" data-index-in-node=\"0\">L\u00fd do n\u00ean ch\u1ecdn Egg White Pore Mask cho l\u00e0n da d\u1ea7u m\u1ee5n<\/b><\/h2>\n<p data-path-to-node=\"11\">D\u00f2ng m\u1eb7t n\u1ea1 n\u00e0y r\u1ea5t n\u1ed5i ti\u1ebfng nh\u1edd kh\u1ea3 n\u0103ng h\u00fat d\u1ea7u c\u1ef1c k\u1ef3 hi\u1ec7u qu\u1ea3. Nhi\u1ec1u kh\u00e1ch h\u00e0ng \u01b0u ti\u00ean l\u1ef1a ch\u1ecdn \u00a0nh\u1edd k\u1ebft c\u1ea5u kem m\u1ec1m m\u1ecbn v\u00e0 d\u1ec5 t\u00e1n. V\u00ec v\u1eady, b\u1ea1n s\u1ebd c\u1ea3m th\u1ea5y v\u00f4 c\u00f9ng th\u01b0 gi\u00e3n trong su\u1ed1t qu\u00e1 tr\u00ecnh ch\u0103m s\u00f3c da. H\u01a1n n\u1eefa, b\u1ea3ng th\u00e0nh ph\u1ea7n l\u00e0nh t\u00ednh gi\u00fap s\u1ea3n ph\u1ea9m an to\u00e0n cho c\u1ea3 l\u00e0n da nh\u1ea1y c\u1ea3m. Nh\u1edd \u0111\u00f3, b\u1ea1n c\u00f3 th\u1ec3 t\u1ef1 tin duy tr\u00ec v\u1ebb r\u1ea1ng r\u1ee1 v\u00e0 s\u1ea1ch kh\u1ecfe cho l\u00e0n da c\u1ee7a m\u00ecnh.<\/p>\n<h2 data-path-to-node=\"12\"><b data-path-to-node=\"12\" data-index-in-node=\"0\">H\u01b0\u1edbng d\u1eabn s\u1eed d\u1ee5ng Egg White Pore Mask \u0111\u1ec3 \u0111\u1ea1t hi\u1ec7u qu\u1ea3 cao nh\u1ea5t<\/b><\/h2>\n<p data-path-to-node=\"13\">\u0110\u1ec3 l\u00e0n da s\u1ea1ch s\u00e2u, b\u1ea1n n\u00ean tu\u00e2n th\u1ee7 quy tr\u00ecnh \u0111\u1eafp m\u1eb7t n\u1ea1 \u0111\u00fang c\u00e1ch. \u0110\u1ea7u ti\u00ean, h\u00e3y r\u1eeda m\u1eb7t th\u1eadt s\u1ea1ch v\u00e0 th\u1ea5m kh\u00f4 n\u01b0\u1edbc b\u1eb1ng kh\u0103n m\u1ec1m. Ti\u1ebfp theo, b\u1ea1n l\u1ea5y m\u1ed9t l\u01b0\u1ee3ng \u00a0v\u1eeba \u0111\u1ee7 v\u00e0 thoa \u0111\u1ec1u kh\u1eafp m\u1eb7t (tr\u00e1nh v\u00f9ng m\u1eaft m\u00f4i). Sau \u0111\u00f3, h\u00e3y th\u01b0 gi\u00e3n trong kho\u1ea3ng 10 \u0111\u1ebfn 15 ph\u00fat cho \u0111\u1ebfn khi l\u1edbp m\u1eb7t n\u1ea1 kh\u00f4 l\u1ea1i. Cu\u1ed1i c\u00f9ng, b\u1ea1n ch\u1ec9 c\u1ea7n r\u1eeda s\u1ea1ch b\u1eb1ng n\u01b0\u1edbc \u1ea5m v\u00e0 ti\u1ebfp t\u1ee5c c\u00e1c b\u01b0\u1edbc d\u01b0\u1ee1ng da ti\u1ebfp theo.<\/p>\n","protected":false},"excerpt":{"rendered":"<p>EGG WHITE PORE MASK: GI\u1ea2I PH\u00c1P SE KH\u00cdT L\u1ed6 CH\u00c2N L\u00d4NG T\u1ee8C TH\u00cc L\u1ed7 ch\u00e2n l\u00f4ng to v\u00e0 m\u1ee5n c\u00e1m lu\u00f4n l\u00e0 n\u1ed7i lo l\u1eafng c\u1ee7a nhi\u1ec1u ch\u1ecb em ph\u1ee5 n\u1eef. V\u00ec v\u1eady, \u00a0\u0111\u00e3 ra \u0111\u1eddi nh\u01b0 m\u1ed9t li\u1ec7u ph\u00e1p thanh l\u1ecdc da chuy\u00ean s\u00e2u. S\u1ea3n ph\u1ea9m gi\u00fap lo\u1ea1i b\u1ecf b\u00e3 nh\u1eddn d\u01b0 th\u1eeba v\u00e0 [&#8230;]\n","protected":false},"featured_media":570,"comment_status":"open","ping_status":"closed","template":"","meta":[],"product_brand":[],"product_cat":[44],"product_tag":[],"class_list":{"0":"post-569","1":"product","2":"type-product","3":"status-publish","4":"has-post-thumbnail","6":"product_cat-mat-na","8":"first","9":"instock","10":"sale","11":"taxable","12":"shipping-taxable","13":"purchasable","14":"product-type-variable"},"yoast_head":"<!-- This site is optimized with the Yoast SEO plugin v26.9 - https:\/\/yoast.com\/product\/yoast-seo-wordpress\/ -->\n<title>EGG WHITE PORE MASK - DORIS CARE EGG WHITE PORE MASK<\/title>\n<meta name=\"description\" content=\"Egg White Pore Mask chi\u1ebft xu\u1ea5t l\u00f2ng tr\u1eafng tr\u1ee9ng gi\u00fap h\u00fat d\u1ea7u th\u1eeba v\u00e0 se kh\u00edt l\u1ed7 ch\u00e2n l\u00f4ng. M\u1eb7t n\u1ea1 \u0111\u1ea5t s\u00e9t l\u00e0m s\u1ea1ch s\u00e2u, m\u1edd m\u1ee5n c\u00e1m cho l\u00e0n da m\u1ecbn m\u00e0ng.\" \/>\n<meta name=\"robots\" content=\"index, follow, max-snippet:-1, max-image-preview:large, max-video-preview:-1\" \/>\n<link rel=\"canonical\" href=\"https:\/\/doris2907.azdigi.shop\/?product=egg-white-pore-mask\" \/>\n<meta property=\"og:locale\" content=\"vi_VN\" \/>\n<meta property=\"og:type\" content=\"article\" \/>\n<meta property=\"og:title\" content=\"EGG WHITE PORE MASK - DORIS CARE EGG WHITE PORE MASK\" \/>\n<meta property=\"og:description\" content=\"Egg White Pore Mask chi\u1ebft xu\u1ea5t l\u00f2ng tr\u1eafng tr\u1ee9ng gi\u00fap h\u00fat d\u1ea7u th\u1eeba v\u00e0 se kh\u00edt l\u1ed7 ch\u00e2n l\u00f4ng. M\u1eb7t n\u1ea1 \u0111\u1ea5t s\u00e9t l\u00e0m s\u1ea1ch s\u00e2u, m\u1edd m\u1ee5n c\u00e1m cho l\u00e0n da m\u1ecbn m\u00e0ng.\" \/>\n<meta property=\"og:url\" content=\"https:\/\/doris2907.azdigi.shop\/?product=egg-white-pore-mask\" \/>\n<meta property=\"og:site_name\" content=\"DORIS CARE\" \/>\n<meta property=\"og:image\" content=\"https:\/\/doris2907.azdigi.shop\/wp-content\/uploads\/2026\/04\/83-11SKINFOODEggWhitePoreMask_2020_SNS.webp\" \/>\n\t<meta property=\"og:image:width\" content=\"478\" \/>\n\t<meta property=\"og:image:height\" content=\"452\" \/>\n\t<meta property=\"og:image:type\" content=\"image\/webp\" \/>\n<meta name=\"twitter:card\" content=\"summary_large_image\" \/>\n<meta name=\"twitter:label1\" content=\"\u01af\u1edbc t\u00ednh th\u1eddi gian \u0111\u1ecdc\" \/>\n\t<meta name=\"twitter:data1\" content=\"3 ph\u00fat\" \/>\n<script type=\"application\/ld+json\" class=\"yoast-schema-graph\">{\"@context\":\"https:\/\/schema.org\",\"@graph\":[{\"@type\":\"WebPage\",\"@id\":\"https:\/\/doris2907.azdigi.shop\/?product=egg-white-pore-mask\",\"url\":\"https:\/\/doris2907.azdigi.shop\/?product=egg-white-pore-mask\",\"name\":\"EGG WHITE PORE MASK - DORIS CARE EGG WHITE PORE MASK\",\"isPartOf\":{\"@id\":\"https:\/\/doris2907.azdigi.shop\/#website\"},\"primaryImageOfPage\":{\"@id\":\"https:\/\/doris2907.azdigi.shop\/?product=egg-white-pore-mask#primaryimage\"},\"image\":{\"@id\":\"https:\/\/doris2907.azdigi.shop\/?product=egg-white-pore-mask#primaryimage\"},\"thumbnailUrl\":\"https:\/\/doris2907.azdigi.shop\/wp-content\/uploads\/2026\/04\/83-11SKINFOODEggWhitePoreMask_2020_SNS.webp\",\"datePublished\":\"2026-04-11T02:39:48+00:00\",\"description\":\"Egg White Pore Mask chi\u1ebft xu\u1ea5t l\u00f2ng tr\u1eafng tr\u1ee9ng gi\u00fap h\u00fat d\u1ea7u th\u1eeba v\u00e0 se kh\u00edt l\u1ed7 ch\u00e2n l\u00f4ng. M\u1eb7t n\u1ea1 \u0111\u1ea5t s\u00e9t l\u00e0m s\u1ea1ch s\u00e2u, m\u1edd m\u1ee5n c\u00e1m cho l\u00e0n da m\u1ecbn m\u00e0ng.\",\"breadcrumb\":{\"@id\":\"https:\/\/doris2907.azdigi.shop\/?product=egg-white-pore-mask#breadcrumb\"},\"inLanguage\":\"vi\",\"potentialAction\":[{\"@type\":\"ReadAction\",\"target\":[\"https:\/\/doris2907.azdigi.shop\/?product=egg-white-pore-mask\"]}]},{\"@type\":\"ImageObject\",\"inLanguage\":\"vi\",\"@id\":\"https:\/\/doris2907.azdigi.shop\/?product=egg-white-pore-mask#primaryimage\",\"url\":\"https:\/\/doris2907.azdigi.shop\/wp-content\/uploads\/2026\/04\/83-11SKINFOODEggWhitePoreMask_2020_SNS.webp\",\"contentUrl\":\"https:\/\/doris2907.azdigi.shop\/wp-content\/uploads\/2026\/04\/83-11SKINFOODEggWhitePoreMask_2020_SNS.webp\",\"width\":478,\"height\":452},{\"@type\":\"BreadcrumbList\",\"@id\":\"https:\/\/doris2907.azdigi.shop\/?product=egg-white-pore-mask#breadcrumb\",\"itemListElement\":[{\"@type\":\"ListItem\",\"position\":1,\"name\":\"Trang ch\u1ee7\",\"item\":\"https:\/\/doris2907.azdigi.shop\/\"},{\"@type\":\"ListItem\",\"position\":2,\"name\":\"C\u1eeda h\u00e0ng\",\"item\":\"https:\/\/doris2907.azdigi.shop\/?page_id=137\"},{\"@type\":\"ListItem\",\"position\":3,\"name\":\"EGG WHITE PORE MASK\"}]},{\"@type\":\"WebSite\",\"@id\":\"https:\/\/doris2907.azdigi.shop\/#website\",\"url\":\"https:\/\/doris2907.azdigi.shop\/\",\"name\":\"M\u1ef9 ph\u1ea9m\",\"description\":\"\",\"potentialAction\":[{\"@type\":\"SearchAction\",\"target\":{\"@type\":\"EntryPoint\",\"urlTemplate\":\"https:\/\/doris2907.azdigi.shop\/?s={search_term_string}\"},\"query-input\":{\"@type\":\"PropertyValueSpecification\",\"valueRequired\":true,\"valueName\":\"search_term_string\"}}],\"inLanguage\":\"vi\"}]}<\/script>\n<!-- \/ Yoast SEO plugin. -->","yoast_head_json":{"title":"EGG WHITE PORE MASK - DORIS CARE EGG WHITE PORE MASK","description":"Egg White Pore Mask chi\u1ebft xu\u1ea5t l\u00f2ng tr\u1eafng tr\u1ee9ng gi\u00fap h\u00fat d\u1ea7u th\u1eeba v\u00e0 se kh\u00edt l\u1ed7 ch\u00e2n l\u00f4ng. M\u1eb7t n\u1ea1 \u0111\u1ea5t s\u00e9t l\u00e0m s\u1ea1ch s\u00e2u, m\u1edd m\u1ee5n c\u00e1m cho l\u00e0n da m\u1ecbn m\u00e0ng.","robots":{"index":"index","follow":"follow","max-snippet":"max-snippet:-1","max-image-preview":"max-image-preview:large","max-video-preview":"max-video-preview:-1"},"canonical":"https:\/\/doris2907.azdigi.shop\/?product=egg-white-pore-mask","og_locale":"vi_VN","og_type":"article","og_title":"EGG WHITE PORE MASK - DORIS CARE EGG WHITE PORE MASK","og_description":"Egg White Pore Mask chi\u1ebft xu\u1ea5t l\u00f2ng tr\u1eafng tr\u1ee9ng gi\u00fap h\u00fat d\u1ea7u th\u1eeba v\u00e0 se kh\u00edt l\u1ed7 ch\u00e2n l\u00f4ng. M\u1eb7t n\u1ea1 \u0111\u1ea5t s\u00e9t l\u00e0m s\u1ea1ch s\u00e2u, m\u1edd m\u1ee5n c\u00e1m cho l\u00e0n da m\u1ecbn m\u00e0ng.","og_url":"https:\/\/doris2907.azdigi.shop\/?product=egg-white-pore-mask","og_site_name":"DORIS CARE","og_image":[{"width":478,"height":452,"url":"https:\/\/doris2907.azdigi.shop\/wp-content\/uploads\/2026\/04\/83-11SKINFOODEggWhitePoreMask_2020_SNS.webp","type":"image\/webp"}],"twitter_card":"summary_large_image","twitter_misc":{"\u01af\u1edbc t\u00ednh th\u1eddi gian \u0111\u1ecdc":"3 ph\u00fat"},"schema":{"@context":"https:\/\/schema.org","@graph":[{"@type":"WebPage","@id":"https:\/\/doris2907.azdigi.shop\/?product=egg-white-pore-mask","url":"https:\/\/doris2907.azdigi.shop\/?product=egg-white-pore-mask","name":"EGG WHITE PORE MASK - DORIS CARE EGG WHITE PORE MASK","isPartOf":{"@id":"https:\/\/doris2907.azdigi.shop\/#website"},"primaryImageOfPage":{"@id":"https:\/\/doris2907.azdigi.shop\/?product=egg-white-pore-mask#primaryimage"},"image":{"@id":"https:\/\/doris2907.azdigi.shop\/?product=egg-white-pore-mask#primaryimage"},"thumbnailUrl":"https:\/\/doris2907.azdigi.shop\/wp-content\/uploads\/2026\/04\/83-11SKINFOODEggWhitePoreMask_2020_SNS.webp","datePublished":"2026-04-11T02:39:48+00:00","description":"Egg White Pore Mask chi\u1ebft xu\u1ea5t l\u00f2ng tr\u1eafng tr\u1ee9ng gi\u00fap h\u00fat d\u1ea7u th\u1eeba v\u00e0 se kh\u00edt l\u1ed7 ch\u00e2n l\u00f4ng. M\u1eb7t n\u1ea1 \u0111\u1ea5t s\u00e9t l\u00e0m s\u1ea1ch s\u00e2u, m\u1edd m\u1ee5n c\u00e1m cho l\u00e0n da m\u1ecbn m\u00e0ng.","breadcrumb":{"@id":"https:\/\/doris2907.azdigi.shop\/?product=egg-white-pore-mask#breadcrumb"},"inLanguage":"vi","potentialAction":[{"@type":"ReadAction","target":["https:\/\/doris2907.azdigi.shop\/?product=egg-white-pore-mask"]}]},{"@type":"ImageObject","inLanguage":"vi","@id":"https:\/\/doris2907.azdigi.shop\/?product=egg-white-pore-mask#primaryimage","url":"https:\/\/doris2907.azdigi.shop\/wp-content\/uploads\/2026\/04\/83-11SKINFOODEggWhitePoreMask_2020_SNS.webp","contentUrl":"https:\/\/doris2907.azdigi.shop\/wp-content\/uploads\/2026\/04\/83-11SKINFOODEggWhitePoreMask_2020_SNS.webp","width":478,"height":452},{"@type":"BreadcrumbList","@id":"https:\/\/doris2907.azdigi.shop\/?product=egg-white-pore-mask#breadcrumb","itemListElement":[{"@type":"ListItem","position":1,"name":"Trang ch\u1ee7","item":"https:\/\/doris2907.azdigi.shop\/"},{"@type":"ListItem","position":2,"name":"C\u1eeda h\u00e0ng","item":"https:\/\/doris2907.azdigi.shop\/?page_id=137"},{"@type":"ListItem","position":3,"name":"EGG WHITE PORE MASK"}]},{"@type":"WebSite","@id":"https:\/\/doris2907.azdigi.shop\/#website","url":"https:\/\/doris2907.azdigi.shop\/","name":"M\u1ef9 ph\u1ea9m","description":"","potentialAction":[{"@type":"SearchAction","target":{"@type":"EntryPoint","urlTemplate":"https:\/\/doris2907.azdigi.shop\/?s={search_term_string}"},"query-input":{"@type":"PropertyValueSpecification","valueRequired":true,"valueName":"search_term_string"}}],"inLanguage":"vi"}]}},"_links":{"self":[{"href":"https:\/\/doris2907.azdigi.shop\/index.php?rest_route=\/wp\/v2\/product\/569","targetHints":{"allow":["GET"]}}],"collection":[{"href":"https:\/\/doris2907.azdigi.shop\/index.php?rest_route=\/wp\/v2\/product"}],"about":[{"href":"https:\/\/doris2907.azdigi.shop\/index.php?rest_route=\/wp\/v2\/types\/product"}],"replies":[{"embeddable":true,"href":"https:\/\/doris2907.azdigi.shop\/index.php?rest_route=%2Fwp%2Fv2%2Fcomments&post=569"}],"wp:featuredmedia":[{"embeddable":true,"href":"https:\/\/doris2907.azdigi.shop\/index.php?rest_route=\/wp\/v2\/media\/570"}],"wp:attachment":[{"href":"https:\/\/doris2907.azdigi.shop\/index.php?rest_route=%2Fwp%2Fv2%2Fmedia&parent=569"}],"wp:term":[{"taxonomy":"product_brand","embeddable":true,"href":"https:\/\/doris2907.azdigi.shop\/index.php?rest_route=%2Fwp%2Fv2%2Fproduct_brand&post=569"},{"taxonomy":"product_cat","embeddable":true,"href":"https:\/\/doris2907.azdigi.shop\/index.php?rest_route=%2Fwp%2Fv2%2Fproduct_cat&post=569"},{"taxonomy":"product_tag","embeddable":true,"href":"https:\/\/doris2907.azdigi.shop\/index.php?rest_route=%2Fwp%2Fv2%2Fproduct_tag&post=569"}],"curies":[{"name":"wp","href":"https:\/\/api.w.org\/{rel}","templated":true}]}}