{"id":499,"date":"2026-04-10T10:03:21","date_gmt":"2026-04-10T10:03:21","guid":{"rendered":"https:\/\/doris2907.azdigi.shop\/?post_type=product&#038;p=499"},"modified":"2026-04-19T05:45:15","modified_gmt":"2026-04-19T05:45:15","slug":"innisfree-uv-active-poreless-sunscreen","status":"publish","type":"product","link":"https:\/\/doris2907.azdigi.shop\/?product=innisfree-uv-active-poreless-sunscreen","title":{"rendered":"INNISFREE UV ACTIVE PORELESS SUNSCREEN"},"content":{"rendered":"<h1 data-path-to-node=\"3\"><b data-path-to-node=\"3\" data-index-in-node=\"0\">INNISFREE UV ACTIVE PORELESS SUNSCREEN: CH\u1ed0NG N\u1eaeNG KI\u00caM KEM L\u00d3T<\/b><\/h1>\n<p data-path-to-node=\"4\">B\u1ea3o v\u1ec7 da v\u00e0 che ph\u1ee7 l\u1ed7 ch\u00e2n l\u00f4ng l\u00e0 nhu c\u1ea7u thi\u1ebft y\u1ebfu h\u00e0ng ng\u00e0y. V\u00ec v\u1eady, <b data-path-to-node=\"4\" data-index-in-node=\"74\">Innisfree UV Active Poreless Sunscreen<\/b> \u0111\u00e3 ra \u0111\u1eddi nh\u01b0 m\u1ed9t gi\u1ea3i ph\u00e1p 2 trong 1 ho\u00e0n h\u1ea3o. S\u1ea3n ph\u1ea9m kh\u00f4ng ch\u1ec9 ch\u1ed1ng n\u1eafng m\u1ea1nh m\u1ebd m\u00e0 c\u00f2n gi\u00fap b\u1ec1 m\u1eb7t da m\u1ecbn m\u00e0ng h\u01a1n. H\u00e3y c\u00f9ng kh\u00e1m ph\u00e1 nh\u1eefng t\u00ednh n\u0103ng \u0111\u1ed9t ph\u00e1 c\u1ee7a d\u00f2ng kem n\u00e0y ngay d\u01b0\u1edbi \u0111\u00e2y.<\/p>\n<h2 data-path-to-node=\"5\"><b data-path-to-node=\"5\" data-index-in-node=\"0\">\u01afu \u0111i\u1ec3m c\u1ee7a Innisfree UV Active Poreless Sunscreen<\/b><\/h2>\n<p data-path-to-node=\"6\">S\u1ea3n ph\u1ea9m s\u1edf h\u1eefu ch\u1ec9 s\u1ed1 ch\u1ed1ng n\u1eafng cao nh\u1ea5t SPF50+ PA++++. \u0110\u1eb7c bi\u1ec7t, c\u00f4ng th\u1ee9c \u0111\u1ed9c \u0111\u00e1o mang l\u1ea1i hi\u1ec7u qu\u1ea3 che ph\u1ee7 l\u1ed7 ch\u00e2n l\u00f4ng c\u1ef1c k\u1ef3 t\u1ef1 nhi\u00ean:<\/p>\n<ul data-path-to-node=\"7\">\n<li>\n<p data-path-to-node=\"7,0,0\"><b data-path-to-node=\"7,0,0\" data-index-in-node=\"0\">Hi\u1ec7u \u1ee9ng Poreless:<\/b> Gi\u00fap l\u00e0m m\u1edd l\u1ed7 ch\u00e2n l\u00f4ng to v\u00e0 l\u00e0m m\u1ecbn k\u1ebft c\u1ea5u da t\u1ee9c th\u00ec.<\/p>\n<\/li>\n<li>\n<p data-path-to-node=\"7,1,0\"><b data-path-to-node=\"7,1,0\" data-index-in-node=\"0\">Ch\u1ec9 s\u1ed1 ch\u1ed1ng n\u1eafng l\u00fd t\u01b0\u1edfng:<\/b> B\u1ea3o v\u1ec7 da to\u00e0n di\u1ec7n tr\u01b0\u1edbc tia UVA v\u00e0 UVB g\u00e2y h\u1ea1i.<\/p>\n<\/li>\n<li>\n<p data-path-to-node=\"7,2,0\"><b data-path-to-node=\"7,2,0\" data-index-in-node=\"0\">K\u1ebft c\u1ea5u m\u1ecfng nh\u1eb9:<\/b> L\u1edbp kem th\u1ea5m nhanh, kh\u00f4ng g\u00e2y b\u1ebft d\u00ednh hay \u0111\u1ec3 l\u1ea1i v\u1ec7t tr\u1eafng.<\/p>\n<\/li>\n<\/ul>\n<h2 data-path-to-node=\"8\"><b data-path-to-node=\"8\" data-index-in-node=\"0\">C\u00f4ng d\u1ee5ng l\u00e0m m\u1ecbn da t\u1eeb Innisfree UV Active Poreless Sunscreen<\/b><\/h2>\n<p data-path-to-node=\"9\">Vi\u1ec7c s\u1eed d\u1ee5ng \u00a0gi\u00fap b\u1ea1n ti\u1ebft ki\u1ec7m th\u1eddi gian trang \u0111i\u1ec3m \u0111\u00e1ng k\u1ec3. Tr\u01b0\u1edbc h\u1ebft, s\u1ea3n ph\u1ea9m ho\u1ea1t \u0111\u1ed9ng nh\u01b0 m\u1ed9t l\u1edbp kem l\u00f3t chuy\u00ean nghi\u1ec7p. B\u00ean c\u1ea1nh \u0111\u00f3, c\u00e1c d\u01b0\u1ee1ng ch\u1ea5t gi\u00fap ki\u1ec3m so\u00e1t d\u1ea7u th\u1eeba hi\u1ec7u qu\u1ea3 su\u1ed1t ng\u00e0y d\u00e0i. Do \u0111\u00f3, l\u1edbp n\u1ec1n c\u1ee7a b\u1ea1n s\u1ebd lu\u00f4n b\u1ec1n m\u00e0u v\u00e0 kh\u00f4ng b\u1ecb xu\u1ed1ng t\u00f4ng. Ngo\u00e0i ra, s\u1ea3n ph\u1ea9m c\u00f2n h\u1ed7 tr\u1ee3 l\u00e0m d\u1ecbu da d\u01b0\u1edbi t\u00e1c \u0111\u1ed9ng c\u1ee7a nhi\u1ec7t \u0111\u1ed9 m\u00f4i tr\u01b0\u1eddng.<\/p>\n<h2 data-path-to-node=\"10\"><b data-path-to-node=\"10\" data-index-in-node=\"0\">C\u00e1ch s\u1eed d\u1ee5ng \u0111\u1ea1t hi\u1ec7u qu\u1ea3<\/b><\/h2>\n<p data-path-to-node=\"11\">\u0110\u1ec3 b\u1ea3o v\u1ec7 da t\u1ed1i \u01b0u, b\u1ea1n n\u00ean tu\u00e2n th\u1ee7 quy tr\u00ecnh s\u1eed d\u1ee5ng \u0111\u00fang c\u00e1ch. \u0110\u1ea7u ti\u00ean, h\u00e3y l\u1eafc nh\u1eb9 tu\u00fdp kem tr\u01b0\u1edbc khi l\u1ea5y d\u01b0\u1ee1ng ch\u1ea5t ra tay. Ti\u1ebfp theo, b\u1ea1n thoa m\u1ed9t l\u01b0\u1ee3ng \u00a0v\u1eeba \u0111\u1ee7 l\u00ean to\u00e0n b\u1ed9 khu\u00f4n m\u1eb7t. Sau \u0111\u00f3, h\u00e3y v\u1ed7 nh\u1eb9 \u0111\u1ec3 kem th\u1ea9m th\u1ea5u v\u00e0 l\u00e0m m\u1ecbn c\u00e1c v\u00f9ng da c\u00f3 l\u1ed7 ch\u00e2n l\u00f4ng to. Cu\u1ed1i c\u00f9ng, b\u1ea1n c\u00f3 th\u1ec3 t\u1ef1 tin ra ngo\u00e0i ho\u1eb7c ti\u1ebfp t\u1ee5c c\u00e1c b\u01b0\u1edbc trang \u0111i\u1ec3m ti\u1ebfp theo.<\/p>\n","protected":false},"excerpt":{"rendered":"<p>INNISFREE UV ACTIVE PORELESS SUNSCREEN: CH\u1ed0NG N\u1eaeNG KI\u00caM KEM L\u00d3T B\u1ea3o v\u1ec7 da v\u00e0 che ph\u1ee7 l\u1ed7 ch\u00e2n l\u00f4ng l\u00e0 nhu c\u1ea7u thi\u1ebft y\u1ebfu h\u00e0ng ng\u00e0y. V\u00ec v\u1eady, Innisfree UV Active Poreless Sunscreen \u0111\u00e3 ra \u0111\u1eddi nh\u01b0 m\u1ed9t gi\u1ea3i ph\u00e1p 2 trong 1 ho\u00e0n h\u1ea3o. S\u1ea3n ph\u1ea9m kh\u00f4ng ch\u1ec9 ch\u1ed1ng n\u1eafng m\u1ea1nh m\u1ebd m\u00e0 c\u00f2n [&#8230;]\n","protected":false},"featured_media":740,"comment_status":"open","ping_status":"closed","template":"","meta":[],"product_brand":[],"product_cat":[41],"product_tag":[],"class_list":{"0":"post-499","1":"product","2":"type-product","3":"status-publish","4":"has-post-thumbnail","6":"product_cat-kem-chong-nang","8":"first","9":"instock","10":"sale","11":"taxable","12":"shipping-taxable","13":"purchasable","14":"product-type-variable"},"yoast_head":"<!-- This site is optimized with the Yoast SEO plugin v26.9 - https:\/\/yoast.com\/product\/yoast-seo-wordpress\/ -->\n<title>INNISFREE UV ACTIVE PORELESS SUNSCREEN - DORIS CARE Innisfree UV Sunscreen<\/title>\n<meta name=\"description\" content=\"Innisfree UV Active Poreless Sunscreen gi\u00fap ch\u1ed1ng n\u1eafng v\u00e0 l\u00e0m m\u1ecbn l\u1ed7 ch\u00e2n l\u00f4ng t\u1ee9c th\u00ec. S\u1ea3n ph\u1ea9m ki\u00eam kem l\u00f3t ho\u00e0n h\u1ea3o cho l\u00e0n da m\u1ecbn m\u00e0ng kh\u00f4ng t\u00ec v\u1ebft.\" \/>\n<meta name=\"robots\" content=\"index, follow, max-snippet:-1, max-image-preview:large, max-video-preview:-1\" \/>\n<link rel=\"canonical\" href=\"https:\/\/doris2907.azdigi.shop\/?product=innisfree-uv-active-poreless-sunscreen\" \/>\n<meta property=\"og:locale\" content=\"vi_VN\" \/>\n<meta property=\"og:type\" content=\"article\" \/>\n<meta property=\"og:title\" content=\"INNISFREE UV ACTIVE PORELESS SUNSCREEN - DORIS CARE Innisfree UV Sunscreen\" \/>\n<meta property=\"og:description\" content=\"Innisfree UV Active Poreless Sunscreen gi\u00fap ch\u1ed1ng n\u1eafng v\u00e0 l\u00e0m m\u1ecbn l\u1ed7 ch\u00e2n l\u00f4ng t\u1ee9c th\u00ec. S\u1ea3n ph\u1ea9m ki\u00eam kem l\u00f3t ho\u00e0n h\u1ea3o cho l\u00e0n da m\u1ecbn m\u00e0ng kh\u00f4ng t\u00ec v\u1ebft.\" \/>\n<meta property=\"og:url\" content=\"https:\/\/doris2907.azdigi.shop\/?product=innisfree-uv-active-poreless-sunscreen\" \/>\n<meta property=\"og:site_name\" content=\"DORIS CARE\" \/>\n<meta property=\"article:modified_time\" content=\"2026-04-19T05:45:15+00:00\" \/>\n<meta property=\"og:image\" content=\"https:\/\/doris2907.azdigi.shop\/wp-content\/uploads\/2026\/04\/sg-11134201-7qvdo-ljsbdg6trmkyec.jpg\" \/>\n\t<meta property=\"og:image:width\" content=\"492\" \/>\n\t<meta property=\"og:image:height\" content=\"492\" \/>\n\t<meta property=\"og:image:type\" content=\"image\/jpeg\" \/>\n<meta name=\"twitter:card\" content=\"summary_large_image\" \/>\n<meta name=\"twitter:label1\" content=\"\u01af\u1edbc t\u00ednh th\u1eddi gian \u0111\u1ecdc\" \/>\n\t<meta name=\"twitter:data1\" content=\"3 ph\u00fat\" \/>\n<script type=\"application\/ld+json\" class=\"yoast-schema-graph\">{\"@context\":\"https:\/\/schema.org\",\"@graph\":[{\"@type\":\"WebPage\",\"@id\":\"https:\/\/doris2907.azdigi.shop\/?product=innisfree-uv-active-poreless-sunscreen\",\"url\":\"https:\/\/doris2907.azdigi.shop\/?product=innisfree-uv-active-poreless-sunscreen\",\"name\":\"INNISFREE UV ACTIVE PORELESS SUNSCREEN - DORIS CARE Innisfree UV Sunscreen\",\"isPartOf\":{\"@id\":\"https:\/\/doris2907.azdigi.shop\/#website\"},\"primaryImageOfPage\":{\"@id\":\"https:\/\/doris2907.azdigi.shop\/?product=innisfree-uv-active-poreless-sunscreen#primaryimage\"},\"image\":{\"@id\":\"https:\/\/doris2907.azdigi.shop\/?product=innisfree-uv-active-poreless-sunscreen#primaryimage\"},\"thumbnailUrl\":\"https:\/\/doris2907.azdigi.shop\/wp-content\/uploads\/2026\/04\/sg-11134201-7qvdo-ljsbdg6trmkyec.jpg\",\"datePublished\":\"2026-04-10T10:03:21+00:00\",\"dateModified\":\"2026-04-19T05:45:15+00:00\",\"description\":\"Innisfree UV Active Poreless Sunscreen gi\u00fap ch\u1ed1ng n\u1eafng v\u00e0 l\u00e0m m\u1ecbn l\u1ed7 ch\u00e2n l\u00f4ng t\u1ee9c th\u00ec. S\u1ea3n ph\u1ea9m ki\u00eam kem l\u00f3t ho\u00e0n h\u1ea3o cho l\u00e0n da m\u1ecbn m\u00e0ng kh\u00f4ng t\u00ec v\u1ebft.\",\"breadcrumb\":{\"@id\":\"https:\/\/doris2907.azdigi.shop\/?product=innisfree-uv-active-poreless-sunscreen#breadcrumb\"},\"inLanguage\":\"vi\",\"potentialAction\":[{\"@type\":\"ReadAction\",\"target\":[\"https:\/\/doris2907.azdigi.shop\/?product=innisfree-uv-active-poreless-sunscreen\"]}]},{\"@type\":\"ImageObject\",\"inLanguage\":\"vi\",\"@id\":\"https:\/\/doris2907.azdigi.shop\/?product=innisfree-uv-active-poreless-sunscreen#primaryimage\",\"url\":\"https:\/\/doris2907.azdigi.shop\/wp-content\/uploads\/2026\/04\/sg-11134201-7qvdo-ljsbdg6trmkyec.jpg\",\"contentUrl\":\"https:\/\/doris2907.azdigi.shop\/wp-content\/uploads\/2026\/04\/sg-11134201-7qvdo-ljsbdg6trmkyec.jpg\",\"width\":492,\"height\":492},{\"@type\":\"BreadcrumbList\",\"@id\":\"https:\/\/doris2907.azdigi.shop\/?product=innisfree-uv-active-poreless-sunscreen#breadcrumb\",\"itemListElement\":[{\"@type\":\"ListItem\",\"position\":1,\"name\":\"Trang ch\u1ee7\",\"item\":\"https:\/\/doris2907.azdigi.shop\/\"},{\"@type\":\"ListItem\",\"position\":2,\"name\":\"C\u1eeda h\u00e0ng\",\"item\":\"https:\/\/doris2907.azdigi.shop\/?page_id=137\"},{\"@type\":\"ListItem\",\"position\":3,\"name\":\"INNISFREE UV ACTIVE PORELESS SUNSCREEN\"}]},{\"@type\":\"WebSite\",\"@id\":\"https:\/\/doris2907.azdigi.shop\/#website\",\"url\":\"https:\/\/doris2907.azdigi.shop\/\",\"name\":\"M\u1ef9 ph\u1ea9m\",\"description\":\"\",\"potentialAction\":[{\"@type\":\"SearchAction\",\"target\":{\"@type\":\"EntryPoint\",\"urlTemplate\":\"https:\/\/doris2907.azdigi.shop\/?s={search_term_string}\"},\"query-input\":{\"@type\":\"PropertyValueSpecification\",\"valueRequired\":true,\"valueName\":\"search_term_string\"}}],\"inLanguage\":\"vi\"}]}<\/script>\n<!-- \/ Yoast SEO plugin. -->","yoast_head_json":{"title":"INNISFREE UV ACTIVE PORELESS SUNSCREEN - DORIS CARE Innisfree UV Sunscreen","description":"Innisfree UV Active Poreless Sunscreen gi\u00fap ch\u1ed1ng n\u1eafng v\u00e0 l\u00e0m m\u1ecbn l\u1ed7 ch\u00e2n l\u00f4ng t\u1ee9c th\u00ec. S\u1ea3n ph\u1ea9m ki\u00eam kem l\u00f3t ho\u00e0n h\u1ea3o cho l\u00e0n da m\u1ecbn m\u00e0ng kh\u00f4ng t\u00ec v\u1ebft.","robots":{"index":"index","follow":"follow","max-snippet":"max-snippet:-1","max-image-preview":"max-image-preview:large","max-video-preview":"max-video-preview:-1"},"canonical":"https:\/\/doris2907.azdigi.shop\/?product=innisfree-uv-active-poreless-sunscreen","og_locale":"vi_VN","og_type":"article","og_title":"INNISFREE UV ACTIVE PORELESS SUNSCREEN - DORIS CARE Innisfree UV Sunscreen","og_description":"Innisfree UV Active Poreless Sunscreen gi\u00fap ch\u1ed1ng n\u1eafng v\u00e0 l\u00e0m m\u1ecbn l\u1ed7 ch\u00e2n l\u00f4ng t\u1ee9c th\u00ec. S\u1ea3n ph\u1ea9m ki\u00eam kem l\u00f3t ho\u00e0n h\u1ea3o cho l\u00e0n da m\u1ecbn m\u00e0ng kh\u00f4ng t\u00ec v\u1ebft.","og_url":"https:\/\/doris2907.azdigi.shop\/?product=innisfree-uv-active-poreless-sunscreen","og_site_name":"DORIS CARE","article_modified_time":"2026-04-19T05:45:15+00:00","og_image":[{"width":492,"height":492,"url":"https:\/\/doris2907.azdigi.shop\/wp-content\/uploads\/2026\/04\/sg-11134201-7qvdo-ljsbdg6trmkyec.jpg","type":"image\/jpeg"}],"twitter_card":"summary_large_image","twitter_misc":{"\u01af\u1edbc t\u00ednh th\u1eddi gian \u0111\u1ecdc":"3 ph\u00fat"},"schema":{"@context":"https:\/\/schema.org","@graph":[{"@type":"WebPage","@id":"https:\/\/doris2907.azdigi.shop\/?product=innisfree-uv-active-poreless-sunscreen","url":"https:\/\/doris2907.azdigi.shop\/?product=innisfree-uv-active-poreless-sunscreen","name":"INNISFREE UV ACTIVE PORELESS SUNSCREEN - DORIS CARE Innisfree UV Sunscreen","isPartOf":{"@id":"https:\/\/doris2907.azdigi.shop\/#website"},"primaryImageOfPage":{"@id":"https:\/\/doris2907.azdigi.shop\/?product=innisfree-uv-active-poreless-sunscreen#primaryimage"},"image":{"@id":"https:\/\/doris2907.azdigi.shop\/?product=innisfree-uv-active-poreless-sunscreen#primaryimage"},"thumbnailUrl":"https:\/\/doris2907.azdigi.shop\/wp-content\/uploads\/2026\/04\/sg-11134201-7qvdo-ljsbdg6trmkyec.jpg","datePublished":"2026-04-10T10:03:21+00:00","dateModified":"2026-04-19T05:45:15+00:00","description":"Innisfree UV Active Poreless Sunscreen gi\u00fap ch\u1ed1ng n\u1eafng v\u00e0 l\u00e0m m\u1ecbn l\u1ed7 ch\u00e2n l\u00f4ng t\u1ee9c th\u00ec. S\u1ea3n ph\u1ea9m ki\u00eam kem l\u00f3t ho\u00e0n h\u1ea3o cho l\u00e0n da m\u1ecbn m\u00e0ng kh\u00f4ng t\u00ec v\u1ebft.","breadcrumb":{"@id":"https:\/\/doris2907.azdigi.shop\/?product=innisfree-uv-active-poreless-sunscreen#breadcrumb"},"inLanguage":"vi","potentialAction":[{"@type":"ReadAction","target":["https:\/\/doris2907.azdigi.shop\/?product=innisfree-uv-active-poreless-sunscreen"]}]},{"@type":"ImageObject","inLanguage":"vi","@id":"https:\/\/doris2907.azdigi.shop\/?product=innisfree-uv-active-poreless-sunscreen#primaryimage","url":"https:\/\/doris2907.azdigi.shop\/wp-content\/uploads\/2026\/04\/sg-11134201-7qvdo-ljsbdg6trmkyec.jpg","contentUrl":"https:\/\/doris2907.azdigi.shop\/wp-content\/uploads\/2026\/04\/sg-11134201-7qvdo-ljsbdg6trmkyec.jpg","width":492,"height":492},{"@type":"BreadcrumbList","@id":"https:\/\/doris2907.azdigi.shop\/?product=innisfree-uv-active-poreless-sunscreen#breadcrumb","itemListElement":[{"@type":"ListItem","position":1,"name":"Trang ch\u1ee7","item":"https:\/\/doris2907.azdigi.shop\/"},{"@type":"ListItem","position":2,"name":"C\u1eeda h\u00e0ng","item":"https:\/\/doris2907.azdigi.shop\/?page_id=137"},{"@type":"ListItem","position":3,"name":"INNISFREE UV ACTIVE PORELESS SUNSCREEN"}]},{"@type":"WebSite","@id":"https:\/\/doris2907.azdigi.shop\/#website","url":"https:\/\/doris2907.azdigi.shop\/","name":"M\u1ef9 ph\u1ea9m","description":"","potentialAction":[{"@type":"SearchAction","target":{"@type":"EntryPoint","urlTemplate":"https:\/\/doris2907.azdigi.shop\/?s={search_term_string}"},"query-input":{"@type":"PropertyValueSpecification","valueRequired":true,"valueName":"search_term_string"}}],"inLanguage":"vi"}]}},"_links":{"self":[{"href":"https:\/\/doris2907.azdigi.shop\/index.php?rest_route=\/wp\/v2\/product\/499","targetHints":{"allow":["GET"]}}],"collection":[{"href":"https:\/\/doris2907.azdigi.shop\/index.php?rest_route=\/wp\/v2\/product"}],"about":[{"href":"https:\/\/doris2907.azdigi.shop\/index.php?rest_route=\/wp\/v2\/types\/product"}],"replies":[{"embeddable":true,"href":"https:\/\/doris2907.azdigi.shop\/index.php?rest_route=%2Fwp%2Fv2%2Fcomments&post=499"}],"wp:featuredmedia":[{"embeddable":true,"href":"https:\/\/doris2907.azdigi.shop\/index.php?rest_route=\/wp\/v2\/media\/740"}],"wp:attachment":[{"href":"https:\/\/doris2907.azdigi.shop\/index.php?rest_route=%2Fwp%2Fv2%2Fmedia&parent=499"}],"wp:term":[{"taxonomy":"product_brand","embeddable":true,"href":"https:\/\/doris2907.azdigi.shop\/index.php?rest_route=%2Fwp%2Fv2%2Fproduct_brand&post=499"},{"taxonomy":"product_cat","embeddable":true,"href":"https:\/\/doris2907.azdigi.shop\/index.php?rest_route=%2Fwp%2Fv2%2Fproduct_cat&post=499"},{"taxonomy":"product_tag","embeddable":true,"href":"https:\/\/doris2907.azdigi.shop\/index.php?rest_route=%2Fwp%2Fv2%2Fproduct_tag&post=499"}],"curies":[{"name":"wp","href":"https:\/\/api.w.org\/{rel}","templated":true}]}}