{"id":320,"date":"2026-04-05T16:04:40","date_gmt":"2026-04-05T16:04:40","guid":{"rendered":"https:\/\/doris2907.azdigi.shop\/?post_type=product&#038;p=320"},"modified":"2026-04-08T16:26:55","modified_gmt":"2026-04-08T16:26:55","slug":"serum-sa-chi-phuc-hoi-toc-hu-ton","status":"publish","type":"product","link":"https:\/\/doris2907.azdigi.shop\/?product=serum-sa-chi-phuc-hoi-toc-hu-ton","title":{"rendered":"Serum Sa-chi ph\u1ee5c h\u1ed3i"},"content":{"rendered":"<h1 data-path-to-node=\"3\"><b data-path-to-node=\"3\" data-index-in-node=\"0\">SERUM SA-CHI PH\u1ee4C H\u1ed2I: GI\u1ea2I PH\u00c1P CHO M\u00c1I T\u00d3C CH\u1eaeC KH\u1eceE<\/b><\/h1>\n<p data-path-to-node=\"4\">B\u1ea1n c\u00f3 bi\u1ebft r\u1eb1ng m\u00e1i t\u00f3c r\u1ea5t c\u1ea7n c\u00e1c lo\u1ea1i ch\u1ea5t b\u00e9o \u0111\u1ec3 duy tr\u00ec \u0111\u1ed9 b\u00f3ng m\u01b0\u1ee3t? V\u00ec v\u1eady, <b data-path-to-node=\"4\" data-index-in-node=\"84\">serum Sa-chi ph\u1ee5c h\u1ed3i<\/b> \u0111\u00e3 ra \u0111\u1eddi \u0111\u1ec3 cung c\u1ea5p d\u01b0\u1ee1ng ch\u1ea5t thi\u1ebft y\u1ebfu cho t\u00f3c. S\u1ea3n ph\u1ea9m s\u1edf h\u1eefu h\u00e0m l\u01b0\u1ee3ng ch\u1ea5t b\u00e9o kh\u00f4ng b\u00e3o h\u00f2a c\u1ef1c k\u1ef3 cao t\u1eeb thi\u00ean nhi\u00ean. H\u00e3y c\u00f9ng kh\u00e1m ph\u00e1 ngay nh\u1eefng \u01b0u \u0111i\u1ec3m v\u01b0\u1ee3t tr\u1ed9i c\u1ee7a d\u00f2ng serum n\u00e0y d\u01b0\u1edbi \u0111\u00e2y.<\/p>\n<h2 data-path-to-node=\"5\"><b data-path-to-node=\"5\" data-index-in-node=\"0\">L\u1ee3i \u00edch t\u1eeb th\u00e0nh ph\u1ea7n qu\u00fd trong serum Sa-chi ph\u1ee5c h\u1ed3i<\/b><\/h2>\n<p data-path-to-node=\"6\">S\u1ea3n ph\u1ea9m s\u1edf h\u1eefu c\u00f4ng th\u1ee9c \u0111\u1eb7c bi\u1ec7t gi\u00fap nu\u00f4i d\u01b0\u1ee1ng s\u1ee3i t\u00f3c t\u1eeb s\u00e2u b\u00ean trong. \u0110\u1eb7c bi\u1ec7t, s\u1ef1 k\u1ebft h\u1ee3p c\u1ee7a c\u00e1c ho\u1ea1t ch\u1ea5t gi\u00fap t\u0103ng c\u01b0\u1eddng kh\u1ea3 n\u0103ng b\u1ea3o v\u1ec7 t\u00f3c:<\/p>\n<ul data-path-to-node=\"7\">\n<li>\n<p data-path-to-node=\"7,0,0\"><b data-path-to-node=\"7,0,0\" data-index-in-node=\"0\">D\u1ea7u Sa-chi:<\/b> Ch\u1ee9a h\u00e0m l\u01b0\u1ee3ng Omega 3, 6 v\u00e0 9 l\u00ean \u0111\u1ebfn 94% gi\u00fap t\u00f3c kh\u1ecfe m\u1ea1nh.<\/p>\n<\/li>\n<li>\n<p data-path-to-node=\"7,1,0\"><b data-path-to-node=\"7,1,0\" data-index-in-node=\"0\">Vitamin E:<\/b> Ho\u1ea1t ch\u1ea5t ch\u1ed1ng oxy h\u00f3a m\u1ea1nh m\u1ebd gi\u00fap ng\u0103n ng\u1eeba h\u01b0 t\u1ed5n hi\u1ec7u qu\u1ea3.<\/p>\n<\/li>\n<li>\n<p data-path-to-node=\"7,2,0\"><b data-path-to-node=\"7,2,0\" data-index-in-node=\"0\">Tinh d\u1ea7u h\u01b0\u01a1ng nhu:<\/b> Th\u00e0nh ph\u1ea7n t\u1ef1 nhi\u00ean gi\u00fap m\u00e1i t\u00f3c lu\u00f4n th\u01a1m ng\u00e1t v\u00e0 d\u1ec5 ch\u1ecbu.<\/p>\n<\/li>\n<li>\n<p data-path-to-node=\"7,3,0\"><b data-path-to-node=\"7,3,0\" data-index-in-node=\"0\">Phospholipid:<\/b> Gi\u00fap bao ph\u1ee7 v\u00e0 b\u1ea3o v\u1ec7 t\u00f3c kh\u1ecfi t\u00e1c \u0111\u1ed9ng c\u1ee7a nhi\u1ec7t v\u00e0 tia UV.<\/p>\n<\/li>\n<\/ul>\n<h2 data-path-to-node=\"8\"><b data-path-to-node=\"8\" data-index-in-node=\"0\">C\u00f4ng d\u1ee5ng v\u01b0\u1ee3t tr\u1ed9i c\u1ee7a s\u1ea3n ph\u1ea9m \u0111\u1ed1i v\u1edbi m\u00e1i t\u00f3c<\/b><\/h2>\n<p data-path-to-node=\"9\">Vi\u1ec7c s\u1eed d\u1ee5ng <b data-path-to-node=\"9\" data-index-in-node=\"13\">serum Sa-chi ph\u1ee5c h\u1ed3i<\/b> th\u01b0\u1eddng xuy\u00ean mang l\u1ea1i nh\u1eefng thay \u0111\u1ed5i r\u1ea5t t\u00edch c\u1ef1c. \u0110\u1ea7u ti\u00ean, s\u1ea3n ph\u1ea9m gi\u00fap c\u1ea3i thi\u1ec7n r\u00f5 r\u1ec7t t\u00ecnh tr\u1ea1ng c\u00e1c s\u1ee3i t\u00f3c b\u1ecb h\u01b0 t\u1ed5n n\u1eb7ng. B\u00ean c\u1ea1nh \u0111\u00f3, c\u00e1c d\u01b0\u1ee1ng ch\u1ea5t c\u00f2n t\u1ea1o l\u1edbp m\u00e0ng b\u1ea3o v\u1ec7 t\u00f3c kh\u1ecfi kh\u00f3i b\u1ee5i m\u00f4i tr\u01b0\u1eddng. Do \u0111\u00f3, b\u1ea1n s\u1ebd s\u1edbm s\u1edf h\u1eefu m\u1ed9t m\u00e1i t\u00f3c ch\u1eafc kh\u1ecfe v\u00e0 tr\u00e0n \u0111\u1ea7y s\u1ee9c s\u1ed1ng. Ngo\u00e0i ra, s\u1ea3n ph\u1ea9m c\u00f2n gi\u00fap t\u00f3c gi\u1eef n\u1ebfp t\u1ef1 nhi\u00ean su\u1ed1t c\u1ea3 ng\u00e0y d\u00e0i.<\/p>\n<h2 data-path-to-node=\"10\"><b data-path-to-node=\"10\" data-index-in-node=\"0\">Cam k\u1ebft an to\u00e0n t\u1eeb th\u01b0\u01a1ng hi\u1ec7u m\u1ef9 ph\u1ea9m Doris Care<\/b><\/h2>\n<p data-path-to-node=\"11\">Ch\u00fang t\u00f4i lu\u00f4n \u01b0u ti\u00ean s\u1ef1 l\u00e0nh t\u00ednh trong t\u1eebng s\u1ea3n ph\u1ea9m ch\u0103m s\u00f3c t\u00f3c chuy\u00ean s\u00e2u. V\u00ec v\u1eady, d\u00f2ng <b data-path-to-node=\"11\" data-index-in-node=\"94\">serum Sa-chi ph\u1ee5c h\u1ed3i<\/b> n\u00e0y cam k\u1ebft lo\u1ea1i b\u1ecf ho\u00e0n to\u00e0n c\u00e1c ch\u1ea5t g\u00e2y h\u1ea1i:<\/p>\n<ul data-path-to-node=\"12\">\n<li>\n<p data-path-to-node=\"12,0,0\"><b data-path-to-node=\"12,0,0\" data-index-in-node=\"0\">Kh\u00f4ng ch\u1ee9a c\u1ed3n &amp; Sulfate:<\/b> \u0110\u1ea3m b\u1ea3o kh\u00f4ng g\u00e2y kh\u00f4 x\u01a1 hay b\u00e0o m\u00f2n s\u1ee3i t\u00f3c.<\/p>\n<\/li>\n<li>\n<p data-path-to-node=\"12,1,0\"><b data-path-to-node=\"12,1,0\" data-index-in-node=\"0\">Kh\u00f4ng d\u1ea7u kho\u00e1ng &amp; Paraben:<\/b> Gi\u00fap t\u00f3c lu\u00f4n nh\u1eb9 nh\u00e0ng, b\u1ed3ng b\u1ec1nh v\u00e0 kh\u00f4ng b\u1ecb b\u1ebft d\u00ednh.<\/p>\n<\/li>\n<\/ul>\n<h2 data-path-to-node=\"13\"><b data-path-to-node=\"13\" data-index-in-node=\"0\">H\u01b0\u1edbng d\u1eabn c\u00e1ch s\u1eed d\u1ee5ng serum Sa-chi ph\u1ee5c h\u1ed3i hi\u1ec7u qu\u1ea3<\/b><\/h2>\n<p data-path-to-node=\"14\">\u0110\u1ec3 \u0111\u1ea1t \u0111\u01b0\u1ee3c k\u1ebft qu\u1ea3 t\u1ed1t nh\u1ea5t, b\u1ea1n n\u00ean th\u1ef1c hi\u1ec7n theo c\u00e1c b\u01b0\u1edbc \u0111\u01a1n gi\u1ea3n sau. \u0110\u1ea7u ti\u00ean, h\u00e3y l\u1ea5y m\u1ed9t l\u01b0\u1ee3ng serum v\u1eeba \u0111\u1ee7 v\u00e0o l\u00f2ng b\u00e0n tay c\u1ee7a b\u1ea1n. Ti\u1ebfp theo, b\u1ea1n xoa nh\u1eb9 hai tay r\u1ed3i vu\u1ed1t \u0111\u1ec1u t\u1eeb th\u00e2n \u0111\u1ebfn ng\u1ecdn t\u00f3c. Sau \u0111\u00f3, h\u00e3y t\u1eadp trung massage k\u1ef9 h\u01a1n \u1edf nh\u1eefng v\u00f9ng t\u00f3c b\u1ecb kh\u00f4 x\u01a1 nh\u1ea5t. Cu\u1ed1i c\u00f9ng, b\u1ea1n ch\u1ec9 c\u1ea7n \u0111\u1ec3 t\u00f3c kh\u00f4 t\u1ef1 nhi\u00ean \u0111\u1ec3 c\u1ea3m nh\u1eadn \u0111\u1ed9 m\u1ec1m m\u01b0\u1ee3t t\u1ee9c th\u00ec.<\/p>\n","protected":false},"excerpt":{"rendered":"<p>SERUM SA-CHI PH\u1ee4C H\u1ed2I: GI\u1ea2I PH\u00c1P CHO M\u00c1I T\u00d3C CH\u1eaeC KH\u1eceE B\u1ea1n c\u00f3 bi\u1ebft r\u1eb1ng m\u00e1i t\u00f3c r\u1ea5t c\u1ea7n c\u00e1c lo\u1ea1i ch\u1ea5t b\u00e9o \u0111\u1ec3 duy tr\u00ec \u0111\u1ed9 b\u00f3ng m\u01b0\u1ee3t? V\u00ec v\u1eady, serum Sa-chi ph\u1ee5c h\u1ed3i \u0111\u00e3 ra \u0111\u1eddi \u0111\u1ec3 cung c\u1ea5p d\u01b0\u1ee1ng ch\u1ea5t thi\u1ebft y\u1ebfu cho t\u00f3c. S\u1ea3n ph\u1ea9m s\u1edf h\u1eefu h\u00e0m l\u01b0\u1ee3ng ch\u1ea5t b\u00e9o [&#8230;]\n","protected":false},"featured_media":350,"comment_status":"open","ping_status":"closed","template":"","meta":[],"product_brand":[],"product_cat":[36],"product_tag":[],"class_list":{"0":"post-320","1":"product","2":"type-product","3":"status-publish","4":"has-post-thumbnail","6":"product_cat-duong-toc","8":"first","9":"instock","10":"sale","11":"taxable","12":"shipping-taxable","13":"purchasable","14":"product-type-variable"},"yoast_head":"<!-- This site is optimized with the Yoast SEO plugin v26.9 - https:\/\/yoast.com\/product\/yoast-seo-wordpress\/ -->\n<title>Serum Sa-chi ph\u1ee5c h\u1ed3i - DORIS CARE Serum Sa-chi Ph\u1ee5c H\u1ed3i<\/title>\n<meta name=\"description\" content=\"Serum Sa-chi ph\u1ee5c h\u1ed3i ch\u1ee9a Omega 3, 6, 9 gi\u00fap c\u1ea3i thi\u1ec7n t\u00f3c h\u01b0 t\u1ed5n v\u00e0 b\u1ea3o v\u1ec7 t\u00f3c kh\u1ecfi tia UV. S\u1ea3n ph\u1ea9m mang l\u1ea1i m\u00e1i t\u00f3c ch\u1eafc kh\u1ecfe, \u0111\u1ea7y s\u1ee9c s\u1ed1ng m\u1ed7i ng\u00e0y.\" \/>\n<meta name=\"robots\" content=\"index, follow, max-snippet:-1, max-image-preview:large, max-video-preview:-1\" \/>\n<link rel=\"canonical\" href=\"https:\/\/doris2907.azdigi.shop\/?product=serum-sa-chi-phuc-hoi-toc-hu-ton\" \/>\n<meta property=\"og:locale\" content=\"vi_VN\" \/>\n<meta property=\"og:type\" content=\"article\" \/>\n<meta property=\"og:title\" content=\"Serum Sa-chi ph\u1ee5c h\u1ed3i - DORIS CARE Serum Sa-chi Ph\u1ee5c H\u1ed3i\" \/>\n<meta property=\"og:description\" content=\"Serum Sa-chi ph\u1ee5c h\u1ed3i ch\u1ee9a Omega 3, 6, 9 gi\u00fap c\u1ea3i thi\u1ec7n t\u00f3c h\u01b0 t\u1ed5n v\u00e0 b\u1ea3o v\u1ec7 t\u00f3c kh\u1ecfi tia UV. S\u1ea3n ph\u1ea9m mang l\u1ea1i m\u00e1i t\u00f3c ch\u1eafc kh\u1ecfe, \u0111\u1ea7y s\u1ee9c s\u1ed1ng m\u1ed7i ng\u00e0y.\" \/>\n<meta property=\"og:url\" content=\"https:\/\/doris2907.azdigi.shop\/?product=serum-sa-chi-phuc-hoi-toc-hu-ton\" \/>\n<meta property=\"og:site_name\" content=\"DORIS CARE\" \/>\n<meta property=\"article:modified_time\" content=\"2026-04-08T16:26:55+00:00\" \/>\n<meta property=\"og:image\" content=\"https:\/\/doris2907.azdigi.shop\/wp-content\/uploads\/2026\/04\/Ecom_Hair_S_Serum_sa_chi_70ml_0c3c4772cb.png\" \/>\n\t<meta property=\"og:image:width\" content=\"1231\" \/>\n\t<meta property=\"og:image:height\" content=\"1500\" \/>\n\t<meta property=\"og:image:type\" content=\"image\/png\" \/>\n<meta name=\"twitter:card\" content=\"summary_large_image\" \/>\n<meta name=\"twitter:label1\" content=\"\u01af\u1edbc t\u00ednh th\u1eddi gian \u0111\u1ecdc\" \/>\n\t<meta name=\"twitter:data1\" content=\"3 ph\u00fat\" \/>\n<script type=\"application\/ld+json\" class=\"yoast-schema-graph\">{\"@context\":\"https:\/\/schema.org\",\"@graph\":[{\"@type\":\"WebPage\",\"@id\":\"https:\/\/doris2907.azdigi.shop\/?product=serum-sa-chi-phuc-hoi-toc-hu-ton\",\"url\":\"https:\/\/doris2907.azdigi.shop\/?product=serum-sa-chi-phuc-hoi-toc-hu-ton\",\"name\":\"Serum Sa-chi ph\u1ee5c h\u1ed3i - DORIS CARE Serum Sa-chi Ph\u1ee5c H\u1ed3i\",\"isPartOf\":{\"@id\":\"https:\/\/doris2907.azdigi.shop\/#website\"},\"primaryImageOfPage\":{\"@id\":\"https:\/\/doris2907.azdigi.shop\/?product=serum-sa-chi-phuc-hoi-toc-hu-ton#primaryimage\"},\"image\":{\"@id\":\"https:\/\/doris2907.azdigi.shop\/?product=serum-sa-chi-phuc-hoi-toc-hu-ton#primaryimage\"},\"thumbnailUrl\":\"https:\/\/doris2907.azdigi.shop\/wp-content\/uploads\/2026\/04\/Ecom_Hair_S_Serum_sa_chi_70ml_0c3c4772cb.png\",\"datePublished\":\"2026-04-05T16:04:40+00:00\",\"dateModified\":\"2026-04-08T16:26:55+00:00\",\"description\":\"Serum Sa-chi ph\u1ee5c h\u1ed3i ch\u1ee9a Omega 3, 6, 9 gi\u00fap c\u1ea3i thi\u1ec7n t\u00f3c h\u01b0 t\u1ed5n v\u00e0 b\u1ea3o v\u1ec7 t\u00f3c kh\u1ecfi tia UV. S\u1ea3n ph\u1ea9m mang l\u1ea1i m\u00e1i t\u00f3c ch\u1eafc kh\u1ecfe, \u0111\u1ea7y s\u1ee9c s\u1ed1ng m\u1ed7i ng\u00e0y.\",\"breadcrumb\":{\"@id\":\"https:\/\/doris2907.azdigi.shop\/?product=serum-sa-chi-phuc-hoi-toc-hu-ton#breadcrumb\"},\"inLanguage\":\"vi\",\"potentialAction\":[{\"@type\":\"ReadAction\",\"target\":[\"https:\/\/doris2907.azdigi.shop\/?product=serum-sa-chi-phuc-hoi-toc-hu-ton\"]}]},{\"@type\":\"ImageObject\",\"inLanguage\":\"vi\",\"@id\":\"https:\/\/doris2907.azdigi.shop\/?product=serum-sa-chi-phuc-hoi-toc-hu-ton#primaryimage\",\"url\":\"https:\/\/doris2907.azdigi.shop\/wp-content\/uploads\/2026\/04\/Ecom_Hair_S_Serum_sa_chi_70ml_0c3c4772cb.png\",\"contentUrl\":\"https:\/\/doris2907.azdigi.shop\/wp-content\/uploads\/2026\/04\/Ecom_Hair_S_Serum_sa_chi_70ml_0c3c4772cb.png\",\"width\":1231,\"height\":1500},{\"@type\":\"BreadcrumbList\",\"@id\":\"https:\/\/doris2907.azdigi.shop\/?product=serum-sa-chi-phuc-hoi-toc-hu-ton#breadcrumb\",\"itemListElement\":[{\"@type\":\"ListItem\",\"position\":1,\"name\":\"Trang ch\u1ee7\",\"item\":\"https:\/\/doris2907.azdigi.shop\/\"},{\"@type\":\"ListItem\",\"position\":2,\"name\":\"C\u1eeda h\u00e0ng\",\"item\":\"https:\/\/doris2907.azdigi.shop\/?page_id=137\"},{\"@type\":\"ListItem\",\"position\":3,\"name\":\"Serum Sa-chi ph\u1ee5c h\u1ed3i\"}]},{\"@type\":\"WebSite\",\"@id\":\"https:\/\/doris2907.azdigi.shop\/#website\",\"url\":\"https:\/\/doris2907.azdigi.shop\/\",\"name\":\"M\u1ef9 ph\u1ea9m\",\"description\":\"\",\"potentialAction\":[{\"@type\":\"SearchAction\",\"target\":{\"@type\":\"EntryPoint\",\"urlTemplate\":\"https:\/\/doris2907.azdigi.shop\/?s={search_term_string}\"},\"query-input\":{\"@type\":\"PropertyValueSpecification\",\"valueRequired\":true,\"valueName\":\"search_term_string\"}}],\"inLanguage\":\"vi\"}]}<\/script>\n<!-- \/ Yoast SEO plugin. -->","yoast_head_json":{"title":"Serum Sa-chi ph\u1ee5c h\u1ed3i - DORIS CARE Serum Sa-chi Ph\u1ee5c H\u1ed3i","description":"Serum Sa-chi ph\u1ee5c h\u1ed3i ch\u1ee9a Omega 3, 6, 9 gi\u00fap c\u1ea3i thi\u1ec7n t\u00f3c h\u01b0 t\u1ed5n v\u00e0 b\u1ea3o v\u1ec7 t\u00f3c kh\u1ecfi tia UV. S\u1ea3n ph\u1ea9m mang l\u1ea1i m\u00e1i t\u00f3c ch\u1eafc kh\u1ecfe, \u0111\u1ea7y s\u1ee9c s\u1ed1ng m\u1ed7i ng\u00e0y.","robots":{"index":"index","follow":"follow","max-snippet":"max-snippet:-1","max-image-preview":"max-image-preview:large","max-video-preview":"max-video-preview:-1"},"canonical":"https:\/\/doris2907.azdigi.shop\/?product=serum-sa-chi-phuc-hoi-toc-hu-ton","og_locale":"vi_VN","og_type":"article","og_title":"Serum Sa-chi ph\u1ee5c h\u1ed3i - DORIS CARE Serum Sa-chi Ph\u1ee5c H\u1ed3i","og_description":"Serum Sa-chi ph\u1ee5c h\u1ed3i ch\u1ee9a Omega 3, 6, 9 gi\u00fap c\u1ea3i thi\u1ec7n t\u00f3c h\u01b0 t\u1ed5n v\u00e0 b\u1ea3o v\u1ec7 t\u00f3c kh\u1ecfi tia UV. S\u1ea3n ph\u1ea9m mang l\u1ea1i m\u00e1i t\u00f3c ch\u1eafc kh\u1ecfe, \u0111\u1ea7y s\u1ee9c s\u1ed1ng m\u1ed7i ng\u00e0y.","og_url":"https:\/\/doris2907.azdigi.shop\/?product=serum-sa-chi-phuc-hoi-toc-hu-ton","og_site_name":"DORIS CARE","article_modified_time":"2026-04-08T16:26:55+00:00","og_image":[{"width":1231,"height":1500,"url":"https:\/\/doris2907.azdigi.shop\/wp-content\/uploads\/2026\/04\/Ecom_Hair_S_Serum_sa_chi_70ml_0c3c4772cb.png","type":"image\/png"}],"twitter_card":"summary_large_image","twitter_misc":{"\u01af\u1edbc t\u00ednh th\u1eddi gian \u0111\u1ecdc":"3 ph\u00fat"},"schema":{"@context":"https:\/\/schema.org","@graph":[{"@type":"WebPage","@id":"https:\/\/doris2907.azdigi.shop\/?product=serum-sa-chi-phuc-hoi-toc-hu-ton","url":"https:\/\/doris2907.azdigi.shop\/?product=serum-sa-chi-phuc-hoi-toc-hu-ton","name":"Serum Sa-chi ph\u1ee5c h\u1ed3i - DORIS CARE Serum Sa-chi Ph\u1ee5c H\u1ed3i","isPartOf":{"@id":"https:\/\/doris2907.azdigi.shop\/#website"},"primaryImageOfPage":{"@id":"https:\/\/doris2907.azdigi.shop\/?product=serum-sa-chi-phuc-hoi-toc-hu-ton#primaryimage"},"image":{"@id":"https:\/\/doris2907.azdigi.shop\/?product=serum-sa-chi-phuc-hoi-toc-hu-ton#primaryimage"},"thumbnailUrl":"https:\/\/doris2907.azdigi.shop\/wp-content\/uploads\/2026\/04\/Ecom_Hair_S_Serum_sa_chi_70ml_0c3c4772cb.png","datePublished":"2026-04-05T16:04:40+00:00","dateModified":"2026-04-08T16:26:55+00:00","description":"Serum Sa-chi ph\u1ee5c h\u1ed3i ch\u1ee9a Omega 3, 6, 9 gi\u00fap c\u1ea3i thi\u1ec7n t\u00f3c h\u01b0 t\u1ed5n v\u00e0 b\u1ea3o v\u1ec7 t\u00f3c kh\u1ecfi tia UV. S\u1ea3n ph\u1ea9m mang l\u1ea1i m\u00e1i t\u00f3c ch\u1eafc kh\u1ecfe, \u0111\u1ea7y s\u1ee9c s\u1ed1ng m\u1ed7i ng\u00e0y.","breadcrumb":{"@id":"https:\/\/doris2907.azdigi.shop\/?product=serum-sa-chi-phuc-hoi-toc-hu-ton#breadcrumb"},"inLanguage":"vi","potentialAction":[{"@type":"ReadAction","target":["https:\/\/doris2907.azdigi.shop\/?product=serum-sa-chi-phuc-hoi-toc-hu-ton"]}]},{"@type":"ImageObject","inLanguage":"vi","@id":"https:\/\/doris2907.azdigi.shop\/?product=serum-sa-chi-phuc-hoi-toc-hu-ton#primaryimage","url":"https:\/\/doris2907.azdigi.shop\/wp-content\/uploads\/2026\/04\/Ecom_Hair_S_Serum_sa_chi_70ml_0c3c4772cb.png","contentUrl":"https:\/\/doris2907.azdigi.shop\/wp-content\/uploads\/2026\/04\/Ecom_Hair_S_Serum_sa_chi_70ml_0c3c4772cb.png","width":1231,"height":1500},{"@type":"BreadcrumbList","@id":"https:\/\/doris2907.azdigi.shop\/?product=serum-sa-chi-phuc-hoi-toc-hu-ton#breadcrumb","itemListElement":[{"@type":"ListItem","position":1,"name":"Trang ch\u1ee7","item":"https:\/\/doris2907.azdigi.shop\/"},{"@type":"ListItem","position":2,"name":"C\u1eeda h\u00e0ng","item":"https:\/\/doris2907.azdigi.shop\/?page_id=137"},{"@type":"ListItem","position":3,"name":"Serum Sa-chi ph\u1ee5c h\u1ed3i"}]},{"@type":"WebSite","@id":"https:\/\/doris2907.azdigi.shop\/#website","url":"https:\/\/doris2907.azdigi.shop\/","name":"M\u1ef9 ph\u1ea9m","description":"","potentialAction":[{"@type":"SearchAction","target":{"@type":"EntryPoint","urlTemplate":"https:\/\/doris2907.azdigi.shop\/?s={search_term_string}"},"query-input":{"@type":"PropertyValueSpecification","valueRequired":true,"valueName":"search_term_string"}}],"inLanguage":"vi"}]}},"_links":{"self":[{"href":"https:\/\/doris2907.azdigi.shop\/index.php?rest_route=\/wp\/v2\/product\/320","targetHints":{"allow":["GET"]}}],"collection":[{"href":"https:\/\/doris2907.azdigi.shop\/index.php?rest_route=\/wp\/v2\/product"}],"about":[{"href":"https:\/\/doris2907.azdigi.shop\/index.php?rest_route=\/wp\/v2\/types\/product"}],"replies":[{"embeddable":true,"href":"https:\/\/doris2907.azdigi.shop\/index.php?rest_route=%2Fwp%2Fv2%2Fcomments&post=320"}],"wp:featuredmedia":[{"embeddable":true,"href":"https:\/\/doris2907.azdigi.shop\/index.php?rest_route=\/wp\/v2\/media\/350"}],"wp:attachment":[{"href":"https:\/\/doris2907.azdigi.shop\/index.php?rest_route=%2Fwp%2Fv2%2Fmedia&parent=320"}],"wp:term":[{"taxonomy":"product_brand","embeddable":true,"href":"https:\/\/doris2907.azdigi.shop\/index.php?rest_route=%2Fwp%2Fv2%2Fproduct_brand&post=320"},{"taxonomy":"product_cat","embeddable":true,"href":"https:\/\/doris2907.azdigi.shop\/index.php?rest_route=%2Fwp%2Fv2%2Fproduct_cat&post=320"},{"taxonomy":"product_tag","embeddable":true,"href":"https:\/\/doris2907.azdigi.shop\/index.php?rest_route=%2Fwp%2Fv2%2Fproduct_tag&post=320"}],"curies":[{"name":"wp","href":"https:\/\/api.w.org\/{rel}","templated":true}]}}