{"id":283,"date":"2026-04-05T13:16:49","date_gmt":"2026-04-05T13:16:49","guid":{"rendered":"https:\/\/doris2907.azdigi.shop\/?post_type=product&#038;p=283"},"modified":"2026-04-08T17:47:04","modified_gmt":"2026-04-08T17:47:04","slug":"nuoc-tay-trang-sen-hau-giang","status":"publish","type":"product","link":"https:\/\/doris2907.azdigi.shop\/?product=nuoc-tay-trang-sen-hau-giang","title":{"rendered":"N\u01af\u1edaC T\u1ea8Y TRANG SEN H\u1eacU GIANG"},"content":{"rendered":"<h1 data-path-to-node=\"3\"><b data-path-to-node=\"3\" data-index-in-node=\"0\">N\u01af\u1edaC T\u1ea8Y TRANG SEN H\u1eacU GIANG: D\u1ecaU NH\u1eb8 CHO DA NH\u1ea0Y C\u1ea2M<\/b><\/h1>\n<p data-path-to-node=\"4\">L\u00e0n da nh\u1ea1y c\u1ea3m v\u1ed1n r\u1ea5t c\u1ea7n m\u1ed9t s\u1ea3n ph\u1ea9m l\u00e0m s\u1ea1ch ph\u00f9 h\u1ee3p v\u00e0 an to\u00e0n. V\u00ec v\u1eady, <b data-path-to-node=\"4\" data-index-in-node=\"78\">n\u01b0\u1edbc t\u1ea9y trang sen H\u1eadu Giang<\/b> \u0111\u00e3 ra \u0111\u1eddi \u0111\u1ec3 b\u1ea3o v\u1ec7 h\u00e0ng r\u00e0o \u0111\u1ed9 \u1ea9m t\u1ef1 nhi\u00ean. S\u1ea3n ph\u1ea9m \u1ee9ng d\u1ee5ng c\u00f4ng ngh\u1ec7 micellar hi\u1ec7n \u0111\u1ea1i gi\u00fap l\u00e0m s\u1ea1ch hi\u1ec7u qu\u1ea3 l\u1edbp trang \u0111i\u1ec3m. H\u00e3y c\u00f9ng kh\u00e1m ph\u00e1 ngay nh\u1eefng \u01b0u \u0111i\u1ec3m v\u01b0\u1ee3t tr\u1ed9i c\u1ee7a d\u00f2ng t\u1ea9y trang n\u00e0y.<\/p>\n<h2 data-path-to-node=\"5\"><b data-path-to-node=\"5\" data-index-in-node=\"0\">L\u1ee3i \u00edch t\u1eeb th\u00e0nh ph\u1ea7n t\u1ef1 nhi\u00ean trong s\u1ea3n ph\u1ea9m<\/b><\/h2>\n<p data-path-to-node=\"6\">S\u1ea3n ph\u1ea9m s\u1edf h\u1eefu c\u00f4ng th\u1ee9c l\u00e0nh t\u00ednh t\u1eeb nh\u1eefng \u0111\u00f3a sen tinh khi\u1ebft v\u00f9ng H\u1eadu Giang. \u0110\u1eb7c bi\u1ec7t, s\u1ef1 k\u1ebft h\u1ee3p gi\u1eefa c\u00e1c ho\u1ea1t ch\u1ea5t hi\u1ec7n \u0111\u1ea1i gi\u00fap nu\u00f4i d\u01b0\u1ee1ng da t\u1eeb s\u00e2u b\u00ean trong. Tr\u01b0\u1edbc h\u1ebft l\u00e0 chi\u1ebft xu\u1ea5t sen gi\u00fap l\u00e0m d\u1ecbu da chuy\u00ean s\u00e2u. Ngo\u00e0i ra, ph\u1ee9c h\u1ee3p prebiotics h\u1ed7 tr\u1ee3 c\u00e2n b\u1eb1ng h\u1ec7 vi sinh cho da. Cu\u1ed1i c\u00f9ng, ho\u1ea1t ch\u1ea5t NatraGem\u2122 S150 gi\u00fap lo\u1ea1i b\u1ecf b\u1ee5i b\u1ea9n m\u00e0 kh\u00f4ng g\u00e2y kh\u00f4 c\u0103ng.<\/p>\n<h2 data-path-to-node=\"7\"><b data-path-to-node=\"7\" data-index-in-node=\"0\">C\u00f4ng d\u1ee5ng c\u1ee7a n\u01b0\u1edbc t\u1ea9y trang sen H\u1eadu Giang \u0111\u1ed1i v\u1edbi da kh\u00f4<\/b><\/h2>\n<p data-path-to-node=\"8\">Vi\u1ec7c s\u1eed d\u1ee5ng <b data-path-to-node=\"8\" data-index-in-node=\"13\">n\u01b0\u1edbc t\u1ea9y trang <\/b>\u00a0th\u01b0\u1eddng xuy\u00ean mang l\u1ea1i nhi\u1ec1u hi\u1ec7u qu\u1ea3 r\u00f5 r\u1ec7t. \u0110\u1ea7u ti\u00ean, s\u1ea3n ph\u1ea9m gi\u00fap lo\u1ea1i b\u1ecf ho\u00e0n to\u00e0n b\u00e3 nh\u1eddn v\u00e0 d\u1ea7u th\u1eeba t\u00edch t\u1ee5. B\u00ean c\u1ea1nh \u0111\u00f3, c\u00e1c d\u01b0\u1ee1ng ch\u1ea5t gi\u00fap duy tr\u00ec \u0111\u1ed9 \u1ea9m t\u1ef1 nhi\u00ean cho l\u00e0n da. Do \u0111\u00f3, b\u1ea1n s\u1ebd lu\u00f4n c\u1ea3m nh\u1eadn \u0111\u01b0\u1ee3c s\u1ef1 m\u1ec1m m\u1ea1i v\u00e0 s\u1ea1ch tho\u00e1ng sau khi s\u1eed d\u1ee5ng.<\/p>\n<h2 data-path-to-node=\"9\"><b data-path-to-node=\"9\" data-index-in-node=\"0\">Cam k\u1ebft an to\u00e0n tuy\u1ec7t \u0111\u1ed1i cho ng\u01b0\u1eddi s\u1eed d\u1ee5ng<\/b><\/h2>\n<p data-path-to-node=\"10\">Ch\u00fang t\u00f4i lu\u00f4n \u0111\u1eb7t y\u1ebfu t\u1ed1 an to\u00e0n l\u00ean h\u00e0ng \u0111\u1ea7u khi ph\u00e1t tri\u1ec3n c\u00f4ng th\u1ee9c s\u1ea3n ph\u1ea9m. V\u00ec v\u1eady, d\u00f2ng <b data-path-to-node=\"10\" data-index-in-node=\"95\">n\u01b0\u1edbc t\u1ea9y trang sen H\u1eadu Giang<\/b> n\u00e0y cam k\u1ebft lo\u1ea1i b\u1ecf ho\u00e0n to\u00e0n c\u00e1c ch\u1ea5t g\u00e2y h\u1ea1i:<\/p>\n<ul data-path-to-node=\"11\">\n<li>\n<p data-path-to-node=\"11,0,0\"><b data-path-to-node=\"11,0,0\" data-index-in-node=\"0\">Kh\u00f4ng ch\u1ee9a c\u1ed3n &amp; Sulfate:<\/b> B\u1ea3o v\u1ec7 l\u00e0n da r\u1ea5t nh\u1ea1y c\u1ea3m.<\/p>\n<\/li>\n<li>\n<p data-path-to-node=\"11,1,0\"><b data-path-to-node=\"11,1,0\" data-index-in-node=\"0\">Kh\u00f4ng d\u1ea7u kho\u00e1ng &amp; Paraben:<\/b> \u0110\u1ea3m b\u1ea3o l\u00e0nh t\u00ednh, kh\u00f4ng g\u00e2y k\u00edch \u1ee9ng da.<\/p>\n<\/li>\n<\/ul>\n<h2 data-path-to-node=\"12\"><b data-path-to-node=\"12\" data-index-in-node=\"0\">H\u01b0\u1edbng d\u1eabn c\u00e1ch d\u00f9ng hi\u1ec7u qu\u1ea3 h\u00e0ng ng\u00e0y<\/b><\/h2>\n<p data-path-to-node=\"13\">\u0110\u1ec3 \u0111\u1ea1t \u0111\u01b0\u1ee3c k\u1ebft qu\u1ea3 t\u1ed1t nh\u1ea5t, b\u1ea1n n\u00ean th\u1ef1c hi\u1ec7n theo c\u00e1c b\u01b0\u1edbc \u0111\u01a1n gi\u1ea3n sau \u0111\u00e2y. \u0110\u1ea7u ti\u00ean, h\u00e3y th\u1ea5m m\u1ed9t l\u01b0\u1ee3ng v\u1eeba \u0111\u1ee7 l\u00ean b\u00f4ng t\u1ea9y trang. Ti\u1ebfp theo, lau nh\u1eb9 nh\u00e0ng kh\u1eafp v\u00f9ng m\u1eb7t \u0111\u1ec3 l\u1ea5y \u0111i l\u1edbp trang \u0111i\u1ec3m. Sau \u0111\u00f3, b\u1ea1n c\u00f3 th\u1ec3 r\u1eeda l\u1ea1i b\u1eb1ng n\u01b0\u1edbc s\u1ea1ch ho\u1eb7c s\u1eefa r\u1eeda m\u1eb7t d\u1ecbu nh\u1eb9. Cu\u1ed1i c\u00f9ng, h\u00e3y c\u1ea3m nh\u1eadn l\u00e0n da s\u1ea1ch m\u1ecbn v\u00e0 tr\u00e0n \u0111\u1ea7y s\u1ee9c s\u1ed1ng.<\/p>\n","protected":false},"excerpt":{"rendered":"<p>N\u01af\u1edaC T\u1ea8Y TRANG SEN H\u1eacU GIANG: D\u1ecaU NH\u1eb8 CHO DA NH\u1ea0Y C\u1ea2M L\u00e0n da nh\u1ea1y c\u1ea3m v\u1ed1n r\u1ea5t c\u1ea7n m\u1ed9t s\u1ea3n ph\u1ea9m l\u00e0m s\u1ea1ch ph\u00f9 h\u1ee3p v\u00e0 an to\u00e0n. V\u00ec v\u1eady, n\u01b0\u1edbc t\u1ea9y trang sen H\u1eadu Giang \u0111\u00e3 ra \u0111\u1eddi \u0111\u1ec3 b\u1ea3o v\u1ec7 h\u00e0ng r\u00e0o \u0111\u1ed9 \u1ea9m t\u1ef1 nhi\u00ean. S\u1ea3n ph\u1ea9m \u1ee9ng d\u1ee5ng c\u00f4ng ngh\u1ec7 [&#8230;]\n","protected":false},"featured_media":373,"comment_status":"open","ping_status":"closed","template":"","meta":[],"product_brand":[],"product_cat":[34],"product_tag":[],"class_list":{"0":"post-283","1":"product","2":"type-product","3":"status-publish","4":"has-post-thumbnail","6":"product_cat-tay-trang","8":"first","9":"instock","10":"sale","11":"taxable","12":"shipping-taxable","13":"purchasable","14":"product-type-variable"},"yoast_head":"<!-- This site is optimized with the Yoast SEO plugin v26.9 - https:\/\/yoast.com\/product\/yoast-seo-wordpress\/ -->\n<title>N\u01af\u1edaC T\u1ea8Y TRANG SEN H\u1eacU GIANG - DORIS CARE N\u01b0\u1edbc T\u1ea9y Trang Sen H\u1eadu Giang<\/title>\n<meta name=\"description\" content=\"N\u01b0\u1edbc t\u1ea9y trang sen H\u1eadu Giang gi\u00fap l\u00e0m s\u1ea1ch l\u1edbp trang \u0111i\u1ec3m v\u00e0 b\u1ee5i b\u1ea9n hi\u1ec7u qu\u1ea3. S\u1ea3n ph\u1ea9m ch\u1ee9a prebiotics gi\u00fap b\u1ea3o v\u1ec7 \u0111\u1ed9 \u1ea9m, an to\u00e0n cho da kh\u00f4 v\u00e0 nh\u1ea1y c\u1ea3m.\" \/>\n<meta name=\"robots\" content=\"index, follow, max-snippet:-1, max-image-preview:large, max-video-preview:-1\" \/>\n<link rel=\"canonical\" href=\"https:\/\/doris2907.azdigi.shop\/?product=nuoc-tay-trang-sen-hau-giang\" \/>\n<meta property=\"og:locale\" content=\"vi_VN\" \/>\n<meta property=\"og:type\" content=\"article\" \/>\n<meta property=\"og:title\" content=\"N\u01af\u1edaC T\u1ea8Y TRANG SEN H\u1eacU GIANG - DORIS CARE N\u01b0\u1edbc T\u1ea9y Trang Sen H\u1eadu Giang\" \/>\n<meta property=\"og:description\" content=\"N\u01b0\u1edbc t\u1ea9y trang sen H\u1eadu Giang gi\u00fap l\u00e0m s\u1ea1ch l\u1edbp trang \u0111i\u1ec3m v\u00e0 b\u1ee5i b\u1ea9n hi\u1ec7u qu\u1ea3. S\u1ea3n ph\u1ea9m ch\u1ee9a prebiotics gi\u00fap b\u1ea3o v\u1ec7 \u0111\u1ed9 \u1ea9m, an to\u00e0n cho da kh\u00f4 v\u00e0 nh\u1ea1y c\u1ea3m.\" \/>\n<meta property=\"og:url\" content=\"https:\/\/doris2907.azdigi.shop\/?product=nuoc-tay-trang-sen-hau-giang\" \/>\n<meta property=\"og:site_name\" content=\"DORIS CARE\" \/>\n<meta property=\"article:modified_time\" content=\"2026-04-08T17:47:04+00:00\" \/>\n<meta property=\"og:image\" content=\"https:\/\/doris2907.azdigi.shop\/wp-content\/uploads\/2026\/04\/Avatar_Website_Nuoc_tay_trang_sen_Hau_Giang_1_L_7ccca1e254.png\" \/>\n\t<meta property=\"og:image:width\" content=\"2052\" \/>\n\t<meta property=\"og:image:height\" content=\"2500\" \/>\n\t<meta property=\"og:image:type\" content=\"image\/png\" \/>\n<meta name=\"twitter:card\" content=\"summary_large_image\" \/>\n<meta name=\"twitter:label1\" content=\"\u01af\u1edbc t\u00ednh th\u1eddi gian \u0111\u1ecdc\" \/>\n\t<meta name=\"twitter:data1\" content=\"3 ph\u00fat\" \/>\n<script type=\"application\/ld+json\" class=\"yoast-schema-graph\">{\"@context\":\"https:\/\/schema.org\",\"@graph\":[{\"@type\":\"WebPage\",\"@id\":\"https:\/\/doris2907.azdigi.shop\/?product=nuoc-tay-trang-sen-hau-giang\",\"url\":\"https:\/\/doris2907.azdigi.shop\/?product=nuoc-tay-trang-sen-hau-giang\",\"name\":\"N\u01af\u1edaC T\u1ea8Y TRANG SEN H\u1eacU GIANG - DORIS CARE N\u01b0\u1edbc T\u1ea9y Trang Sen H\u1eadu Giang\",\"isPartOf\":{\"@id\":\"https:\/\/doris2907.azdigi.shop\/#website\"},\"primaryImageOfPage\":{\"@id\":\"https:\/\/doris2907.azdigi.shop\/?product=nuoc-tay-trang-sen-hau-giang#primaryimage\"},\"image\":{\"@id\":\"https:\/\/doris2907.azdigi.shop\/?product=nuoc-tay-trang-sen-hau-giang#primaryimage\"},\"thumbnailUrl\":\"https:\/\/doris2907.azdigi.shop\/wp-content\/uploads\/2026\/04\/Avatar_Website_Nuoc_tay_trang_sen_Hau_Giang_1_L_7ccca1e254.png\",\"datePublished\":\"2026-04-05T13:16:49+00:00\",\"dateModified\":\"2026-04-08T17:47:04+00:00\",\"description\":\"N\u01b0\u1edbc t\u1ea9y trang sen H\u1eadu Giang gi\u00fap l\u00e0m s\u1ea1ch l\u1edbp trang \u0111i\u1ec3m v\u00e0 b\u1ee5i b\u1ea9n hi\u1ec7u qu\u1ea3. S\u1ea3n ph\u1ea9m ch\u1ee9a prebiotics gi\u00fap b\u1ea3o v\u1ec7 \u0111\u1ed9 \u1ea9m, an to\u00e0n cho da kh\u00f4 v\u00e0 nh\u1ea1y c\u1ea3m.\",\"breadcrumb\":{\"@id\":\"https:\/\/doris2907.azdigi.shop\/?product=nuoc-tay-trang-sen-hau-giang#breadcrumb\"},\"inLanguage\":\"vi\",\"potentialAction\":[{\"@type\":\"ReadAction\",\"target\":[\"https:\/\/doris2907.azdigi.shop\/?product=nuoc-tay-trang-sen-hau-giang\"]}]},{\"@type\":\"ImageObject\",\"inLanguage\":\"vi\",\"@id\":\"https:\/\/doris2907.azdigi.shop\/?product=nuoc-tay-trang-sen-hau-giang#primaryimage\",\"url\":\"https:\/\/doris2907.azdigi.shop\/wp-content\/uploads\/2026\/04\/Avatar_Website_Nuoc_tay_trang_sen_Hau_Giang_1_L_7ccca1e254.png\",\"contentUrl\":\"https:\/\/doris2907.azdigi.shop\/wp-content\/uploads\/2026\/04\/Avatar_Website_Nuoc_tay_trang_sen_Hau_Giang_1_L_7ccca1e254.png\",\"width\":2052,\"height\":2500},{\"@type\":\"BreadcrumbList\",\"@id\":\"https:\/\/doris2907.azdigi.shop\/?product=nuoc-tay-trang-sen-hau-giang#breadcrumb\",\"itemListElement\":[{\"@type\":\"ListItem\",\"position\":1,\"name\":\"Trang ch\u1ee7\",\"item\":\"https:\/\/doris2907.azdigi.shop\/\"},{\"@type\":\"ListItem\",\"position\":2,\"name\":\"C\u1eeda h\u00e0ng\",\"item\":\"https:\/\/doris2907.azdigi.shop\/?page_id=137\"},{\"@type\":\"ListItem\",\"position\":3,\"name\":\"N\u01af\u1edaC T\u1ea8Y TRANG SEN H\u1eacU GIANG\"}]},{\"@type\":\"WebSite\",\"@id\":\"https:\/\/doris2907.azdigi.shop\/#website\",\"url\":\"https:\/\/doris2907.azdigi.shop\/\",\"name\":\"M\u1ef9 ph\u1ea9m\",\"description\":\"\",\"potentialAction\":[{\"@type\":\"SearchAction\",\"target\":{\"@type\":\"EntryPoint\",\"urlTemplate\":\"https:\/\/doris2907.azdigi.shop\/?s={search_term_string}\"},\"query-input\":{\"@type\":\"PropertyValueSpecification\",\"valueRequired\":true,\"valueName\":\"search_term_string\"}}],\"inLanguage\":\"vi\"}]}<\/script>\n<!-- \/ Yoast SEO plugin. -->","yoast_head_json":{"title":"N\u01af\u1edaC T\u1ea8Y TRANG SEN H\u1eacU GIANG - DORIS CARE N\u01b0\u1edbc T\u1ea9y Trang Sen H\u1eadu Giang","description":"N\u01b0\u1edbc t\u1ea9y trang sen H\u1eadu Giang gi\u00fap l\u00e0m s\u1ea1ch l\u1edbp trang \u0111i\u1ec3m v\u00e0 b\u1ee5i b\u1ea9n hi\u1ec7u qu\u1ea3. S\u1ea3n ph\u1ea9m ch\u1ee9a prebiotics gi\u00fap b\u1ea3o v\u1ec7 \u0111\u1ed9 \u1ea9m, an to\u00e0n cho da kh\u00f4 v\u00e0 nh\u1ea1y c\u1ea3m.","robots":{"index":"index","follow":"follow","max-snippet":"max-snippet:-1","max-image-preview":"max-image-preview:large","max-video-preview":"max-video-preview:-1"},"canonical":"https:\/\/doris2907.azdigi.shop\/?product=nuoc-tay-trang-sen-hau-giang","og_locale":"vi_VN","og_type":"article","og_title":"N\u01af\u1edaC T\u1ea8Y TRANG SEN H\u1eacU GIANG - DORIS CARE N\u01b0\u1edbc T\u1ea9y Trang Sen H\u1eadu Giang","og_description":"N\u01b0\u1edbc t\u1ea9y trang sen H\u1eadu Giang gi\u00fap l\u00e0m s\u1ea1ch l\u1edbp trang \u0111i\u1ec3m v\u00e0 b\u1ee5i b\u1ea9n hi\u1ec7u qu\u1ea3. S\u1ea3n ph\u1ea9m ch\u1ee9a prebiotics gi\u00fap b\u1ea3o v\u1ec7 \u0111\u1ed9 \u1ea9m, an to\u00e0n cho da kh\u00f4 v\u00e0 nh\u1ea1y c\u1ea3m.","og_url":"https:\/\/doris2907.azdigi.shop\/?product=nuoc-tay-trang-sen-hau-giang","og_site_name":"DORIS CARE","article_modified_time":"2026-04-08T17:47:04+00:00","og_image":[{"width":2052,"height":2500,"url":"https:\/\/doris2907.azdigi.shop\/wp-content\/uploads\/2026\/04\/Avatar_Website_Nuoc_tay_trang_sen_Hau_Giang_1_L_7ccca1e254.png","type":"image\/png"}],"twitter_card":"summary_large_image","twitter_misc":{"\u01af\u1edbc t\u00ednh th\u1eddi gian \u0111\u1ecdc":"3 ph\u00fat"},"schema":{"@context":"https:\/\/schema.org","@graph":[{"@type":"WebPage","@id":"https:\/\/doris2907.azdigi.shop\/?product=nuoc-tay-trang-sen-hau-giang","url":"https:\/\/doris2907.azdigi.shop\/?product=nuoc-tay-trang-sen-hau-giang","name":"N\u01af\u1edaC T\u1ea8Y TRANG SEN H\u1eacU GIANG - DORIS CARE N\u01b0\u1edbc T\u1ea9y Trang Sen H\u1eadu Giang","isPartOf":{"@id":"https:\/\/doris2907.azdigi.shop\/#website"},"primaryImageOfPage":{"@id":"https:\/\/doris2907.azdigi.shop\/?product=nuoc-tay-trang-sen-hau-giang#primaryimage"},"image":{"@id":"https:\/\/doris2907.azdigi.shop\/?product=nuoc-tay-trang-sen-hau-giang#primaryimage"},"thumbnailUrl":"https:\/\/doris2907.azdigi.shop\/wp-content\/uploads\/2026\/04\/Avatar_Website_Nuoc_tay_trang_sen_Hau_Giang_1_L_7ccca1e254.png","datePublished":"2026-04-05T13:16:49+00:00","dateModified":"2026-04-08T17:47:04+00:00","description":"N\u01b0\u1edbc t\u1ea9y trang sen H\u1eadu Giang gi\u00fap l\u00e0m s\u1ea1ch l\u1edbp trang \u0111i\u1ec3m v\u00e0 b\u1ee5i b\u1ea9n hi\u1ec7u qu\u1ea3. S\u1ea3n ph\u1ea9m ch\u1ee9a prebiotics gi\u00fap b\u1ea3o v\u1ec7 \u0111\u1ed9 \u1ea9m, an to\u00e0n cho da kh\u00f4 v\u00e0 nh\u1ea1y c\u1ea3m.","breadcrumb":{"@id":"https:\/\/doris2907.azdigi.shop\/?product=nuoc-tay-trang-sen-hau-giang#breadcrumb"},"inLanguage":"vi","potentialAction":[{"@type":"ReadAction","target":["https:\/\/doris2907.azdigi.shop\/?product=nuoc-tay-trang-sen-hau-giang"]}]},{"@type":"ImageObject","inLanguage":"vi","@id":"https:\/\/doris2907.azdigi.shop\/?product=nuoc-tay-trang-sen-hau-giang#primaryimage","url":"https:\/\/doris2907.azdigi.shop\/wp-content\/uploads\/2026\/04\/Avatar_Website_Nuoc_tay_trang_sen_Hau_Giang_1_L_7ccca1e254.png","contentUrl":"https:\/\/doris2907.azdigi.shop\/wp-content\/uploads\/2026\/04\/Avatar_Website_Nuoc_tay_trang_sen_Hau_Giang_1_L_7ccca1e254.png","width":2052,"height":2500},{"@type":"BreadcrumbList","@id":"https:\/\/doris2907.azdigi.shop\/?product=nuoc-tay-trang-sen-hau-giang#breadcrumb","itemListElement":[{"@type":"ListItem","position":1,"name":"Trang ch\u1ee7","item":"https:\/\/doris2907.azdigi.shop\/"},{"@type":"ListItem","position":2,"name":"C\u1eeda h\u00e0ng","item":"https:\/\/doris2907.azdigi.shop\/?page_id=137"},{"@type":"ListItem","position":3,"name":"N\u01af\u1edaC T\u1ea8Y TRANG SEN H\u1eacU GIANG"}]},{"@type":"WebSite","@id":"https:\/\/doris2907.azdigi.shop\/#website","url":"https:\/\/doris2907.azdigi.shop\/","name":"M\u1ef9 ph\u1ea9m","description":"","potentialAction":[{"@type":"SearchAction","target":{"@type":"EntryPoint","urlTemplate":"https:\/\/doris2907.azdigi.shop\/?s={search_term_string}"},"query-input":{"@type":"PropertyValueSpecification","valueRequired":true,"valueName":"search_term_string"}}],"inLanguage":"vi"}]}},"_links":{"self":[{"href":"https:\/\/doris2907.azdigi.shop\/index.php?rest_route=\/wp\/v2\/product\/283","targetHints":{"allow":["GET"]}}],"collection":[{"href":"https:\/\/doris2907.azdigi.shop\/index.php?rest_route=\/wp\/v2\/product"}],"about":[{"href":"https:\/\/doris2907.azdigi.shop\/index.php?rest_route=\/wp\/v2\/types\/product"}],"replies":[{"embeddable":true,"href":"https:\/\/doris2907.azdigi.shop\/index.php?rest_route=%2Fwp%2Fv2%2Fcomments&post=283"}],"wp:featuredmedia":[{"embeddable":true,"href":"https:\/\/doris2907.azdigi.shop\/index.php?rest_route=\/wp\/v2\/media\/373"}],"wp:attachment":[{"href":"https:\/\/doris2907.azdigi.shop\/index.php?rest_route=%2Fwp%2Fv2%2Fmedia&parent=283"}],"wp:term":[{"taxonomy":"product_brand","embeddable":true,"href":"https:\/\/doris2907.azdigi.shop\/index.php?rest_route=%2Fwp%2Fv2%2Fproduct_brand&post=283"},{"taxonomy":"product_cat","embeddable":true,"href":"https:\/\/doris2907.azdigi.shop\/index.php?rest_route=%2Fwp%2Fv2%2Fproduct_cat&post=283"},{"taxonomy":"product_tag","embeddable":true,"href":"https:\/\/doris2907.azdigi.shop\/index.php?rest_route=%2Fwp%2Fv2%2Fproduct_tag&post=283"}],"curies":[{"name":"wp","href":"https:\/\/api.w.org\/{rel}","templated":true}]}}